{"id":3,"date":"2020-04-30T10:13:43","date_gmt":"2020-04-30T13:13:43","guid":{"rendered":"https:\/\/plantamadrerosario.com\/tienda\/?page_id=3"},"modified":"2025-05-06T17:47:53","modified_gmt":"2025-05-06T20:47:53","slug":"politica-privacidad","status":"publish","type":"page","link":"https:\/\/plantamadrerosario.com\/tienda\/politica-privacidad\/","title":{"rendered":"Pol\u00edtica de privacidad"},"content":{"rendered":"<h3>Pol\u00edtica de privacidad\u00a0<\/h3>\n<p>La presente Pol\u00edtica de Privacidad establece los t\u00e9rminos en que plantamadre.com usa y protege la informaci\u00f3n que es proporcionada por sus usuarios al momento de utilizar este sitio. Estamos comprometidos con la seguridad de los datos de sus usuarios. Cuando le pedimos llenar los campos de informaci\u00f3n personal con la cual usted pueda ser identificado, lo hacemos asegurando que s\u00f3lo se emplear\u00e1 de acuerdo con los t\u00e9rminos de este documento.\u00a0\u00a0<\/p>\n<h3>Recolecci\u00f3n de la informaci\u00f3n<\/h3>\n<p>El Usuario reconoce y acepta que la Empresa recolecte informaci\u00f3n de los Usuarios al momento de registrarse en el Sitio, enviar datos mediante formulario de contacto o realizar una compra. Tal informaci\u00f3n se limita a datos personales tales como su nombre, apellido y correo electr\u00f3nico.<br \/>Los Datos ser\u00e1n almacenados en una base de datos de propiedad de la Empresa y ser\u00e1 tratada en forma confidencial y con los debidas medidas de seguridad.<\/p>\n<p>Planta Madre en ning\u00fan caso almacenar\u00e1 ni recopilar\u00e1 la informaci\u00f3n y datos de los medios de pago de los Usuarios como ser los n\u00fameros de las tarjetas de cr\u00e9dito o cuentas bancarias, etc. Dicha informaci\u00f3n ser\u00e1 almacenada y\/o recopilada por Gateways de pago externos provistos por otras compa\u00f1\u00edas, de acuerdo a lo establecido en los T\u00e9rminos y Condiciones, no teniendo la Empresa acceso a la misma o a dichos servidores en donde se encuentran almacenados.<\/p>\n<h3>Control de su informaci\u00f3n personal<\/h3>\n<p>En cualquier momento usted puede restringir la recopilaci\u00f3n o el uso de la informaci\u00f3n personal que es proporcionada a nuestro sitio web. Tambi\u00e9n solicitar la eliminaci\u00f3n de sus datos personales de nuestra base de datos.<\/p>\n<h3>Uso de la informaci\u00f3n recogida<\/h3>\n<p>Los Datos suministrados por el Usuario y recolectados de conformidad con lo establecido en las presentes Pol\u00edticas de Privacidad ser\u00e1n utilizados con la siguiente finalidad:<\/p>\n<p>Facturaci\u00f3n y cobro del servicio contratado.<br \/>Contar con medios de contacto con motivo de la utilizaci\u00f3n de nuestro servicio.<br \/>Fines estad\u00edsticos.<\/p>\n<p>Planta madre en ning\u00fan caso vender\u00e1, alquilar\u00e1 ni compartir\u00e1 los Datos de los Usuarios .<\/p>\n<h3>Cookies\u00a0<\/h3>\n<p>El Usuario reconoce y acepta al ingresar o realizar compras que nuestro sitio podr\u00e1 utilizar cookies para brindarles un mejor servicio recordando sus preferencias, comportamiento de navegaci\u00f3n, direcci\u00f3n IP, logs,etc. Tales cookies no recolectar\u00e1n informaci\u00f3n personal identificable de manera directa de ning\u00fan Usuario.<\/p>\n","protected":false},"excerpt":{"rendered":"<p>Pol\u00edtica de privacidad\u00a0 La presente Pol\u00edtica de Privacidad establece los t\u00e9rminos en que plantamadre.com usa y protege la informaci\u00f3n que es proporcionada por sus usuarios al momento de utilizar este sitio. Estamos comprometidos con la seguridad de los datos de sus usuarios. Cuando le pedimos llenar los campos de informaci\u00f3n personal con la cual usted [&hellip;]<\/p>\n","protected":false},"author":1,"featured_media":0,"parent":0,"menu_order":5,"comment_status":"closed","ping_status":"closed","template":"","meta":{"_acf_changed":false,"footnotes":""},"class_list":["post-3","page","type-page","status-publish","hentry"],"acf":[],"_links":{"self":[{"href":"https:\/\/plantamadrerosario.com\/tienda\/wp-json\/wp\/v2\/pages\/3","targetHints":{"allow":["GET"]}}],"collection":[{"href":"https:\/\/plantamadrerosario.com\/tienda\/wp-json\/wp\/v2\/pages"}],"about":[{"href":"https:\/\/plantamadrerosario.com\/tienda\/wp-json\/wp\/v2\/types\/page"}],"author":[{"embeddable":true,"href":"https:\/\/plantamadrerosario.com\/tienda\/wp-json\/wp\/v2\/users\/1"}],"replies":[{"embeddable":true,"href":"https:\/\/plantamadrerosario.com\/tienda\/wp-json\/wp\/v2\/comments?post=3"}],"version-history":[{"count":1,"href":"https:\/\/plantamadrerosario.com\/tienda\/wp-json\/wp\/v2\/pages\/3\/revisions"}],"predecessor-version":[{"id":472,"href":"https:\/\/plantamadrerosario.com\/tienda\/wp-json\/wp\/v2\/pages\/3\/revisions\/472"}],"wp:attachment":[{"href":"https:\/\/plantamadrerosario.com\/tienda\/wp-json\/wp\/v2\/media?parent=3"}],"curies":[{"name":"wp","href":"https:\/\/api.w.org\/{rel}","templated":true}]}}