{"id":8208,"date":"2025-05-06T17:33:44","date_gmt":"2025-05-06T20:33:44","guid":{"rendered":"https:\/\/plantamadrerosario.com\/tienda\/?page_id=8208"},"modified":"2025-05-06T17:48:29","modified_gmt":"2025-05-06T20:48:29","slug":"garantia-de-felicidad","status":"publish","type":"page","link":"https:\/\/plantamadrerosario.com\/tienda\/garantia-de-felicidad\/","title":{"rendered":"Garant\u00eda de felicidad"},"content":{"rendered":"<p><strong><span style=\"color: #9b5d33;\">Protecci\u00f3n de Plantas durante 10 D\u00edas<\/span><\/strong><\/p>\n<p><strong><span style=\"color: #5d8a69;\">\u00bfQu\u00e9 es la Protecci\u00f3n de Plantas?<\/span><\/strong><br \/>\nNuestra Protecci\u00f3n de Plantas es un compromiso con la calidad y la satisfacci\u00f3n de nuestros clientes. Durante los primeros 10 d\u00edas despu\u00e9s de la entrega, nos aseguramos de que su planta est\u00e9 cubierta por nuestra garant\u00eda de calidad.<\/p>\n<p><span style=\"color: #5d8a69;\"><strong>\u00bfC\u00f3mo funciona la Protecci\u00f3n de Plantas?<\/strong><\/span><br \/>\nSi su planta muere o se enferma gravemente dentro de los primeros 10 d\u00edas despu\u00e9s de la entrega, nos comprometemos a reemplazarla por el 50% del precio. Para calificar para el reemplazo, debe notificarnos dentro de las primeras 24 horas despu\u00e9s de recibir la planta.<\/p>\n<p><span style=\"color: #5d8a69;\"><strong>Condiciones para el Reemplazo<\/strong><\/span><br \/>\n&#8211; La muerte o enfermedad de la planta no debe ser consecuencia de negligencia o cuidado inadecuado.<br \/>\n&#8211; Debe notificarnos dentro de las primeras 24 horas despu\u00e9s de recibir la planta.<br \/>\n&#8211; Solo se dispone de un reemplazo por planta.<br \/>\n&#8211; Los gastos de env\u00edo correr\u00e1n a cargo del cliente.<\/p>\n<p><span style=\"color: #5d8a69;\"><strong>\u00bfMi Planta Califica para Reemplazo Gratuito?<\/strong><\/span><br \/>\nS\u00ed, si su planta est\u00e1 muerta o extremadamente enferma. A continuaci\u00f3n, se presentan algunos ejemplos:<\/p>\n<p>&#8211; Todas las ramas principales est\u00e1n secas y quebradizas.<br \/>\n&#8211; Todas las hojas se han ca\u00eddo a los pocos d\u00edas de recibir la planta.<br \/>\n&#8211; La planta se encuentra en mal estado y enferma al momento de su recepci\u00f3n.<\/p>\n<p><span style=\"color: #5d8a69;\"><strong>\u00bfEst\u00e1 Viva mi Planta?<\/strong><\/span><br \/>\nLas plantas vivas pueden presentar peque\u00f1as imperfecciones o signos de estr\u00e9s, pero con el cuidado adecuado, pueden recuperarse f\u00e1cilmente. A continuaci\u00f3n, se presentan algunos ejemplos de caracter\u00edsticas naturales que no califican para un reemplazo:<\/p>\n<p>&#8211; Follaje descolorido: Las puntas y los bordes se tornan marrones y se pueden recortar o quitar f\u00e1cilmente.<br \/>\n&#8211; Ca\u00edda de hojas: Esto es t\u00edpico durante los cambios de entorno o estaciones, a medida que la planta se adapta a su nuevo entorno.<br \/>\n&#8211; Plantas inclinadas: Las plantas que se inclinan debido a su gran peso en la parte superior se pueden sujetar con estacas o at\u00e1ndolas para garantizar que se mantengan en posici\u00f3n vertical.<\/p>\n<p><span style=\"color: #5d8a69;\"><strong>La Prueba del Rasgu\u00f1o<\/strong><\/span><br \/>\nEsta sencilla prueba es fundamental para evaluar la vitalidad de la planta. Rasque suavemente una peque\u00f1a zona del tallo o tronco con un objeto afilado, como una moneda o una u\u00f1a. Si descubre tejido verde y h\u00famedo debajo, la planta est\u00e1 viva y en buen estado, lista para que crezcan nuevas hojas.<\/p>\n","protected":false},"excerpt":{"rendered":"<p>Protecci\u00f3n de Plantas durante 10 D\u00edas \u00bfQu\u00e9 es la Protecci\u00f3n de Plantas? Nuestra Protecci\u00f3n de Plantas es un compromiso con la calidad y la satisfacci\u00f3n de nuestros clientes. Durante los primeros 10 d\u00edas despu\u00e9s de la entrega, nos aseguramos de que su planta est\u00e9 cubierta por nuestra garant\u00eda de calidad. \u00bfC\u00f3mo funciona la Protecci\u00f3n de [&hellip;]<\/p>\n","protected":false},"author":1,"featured_media":0,"parent":0,"menu_order":1,"comment_status":"closed","ping_status":"closed","template":"","meta":{"_acf_changed":false,"footnotes":""},"class_list":["post-8208","page","type-page","status-publish","hentry"],"acf":[],"_links":{"self":[{"href":"https:\/\/plantamadrerosario.com\/tienda\/wp-json\/wp\/v2\/pages\/8208","targetHints":{"allow":["GET"]}}],"collection":[{"href":"https:\/\/plantamadrerosario.com\/tienda\/wp-json\/wp\/v2\/pages"}],"about":[{"href":"https:\/\/plantamadrerosario.com\/tienda\/wp-json\/wp\/v2\/types\/page"}],"author":[{"embeddable":true,"href":"https:\/\/plantamadrerosario.com\/tienda\/wp-json\/wp\/v2\/users\/1"}],"replies":[{"embeddable":true,"href":"https:\/\/plantamadrerosario.com\/tienda\/wp-json\/wp\/v2\/comments?post=8208"}],"version-history":[{"count":2,"href":"https:\/\/plantamadrerosario.com\/tienda\/wp-json\/wp\/v2\/pages\/8208\/revisions"}],"predecessor-version":[{"id":8210,"href":"https:\/\/plantamadrerosario.com\/tienda\/wp-json\/wp\/v2\/pages\/8208\/revisions\/8210"}],"wp:attachment":[{"href":"https:\/\/plantamadrerosario.com\/tienda\/wp-json\/wp\/v2\/media?parent=8208"}],"curies":[{"name":"wp","href":"https:\/\/api.w.org\/{rel}","templated":true}]}}