{"id":8279,"date":"2025-05-08T13:07:55","date_gmt":"2025-05-08T16:07:55","guid":{"rendered":"https:\/\/plantamadrerosario.com\/tienda\/?page_id=8279"},"modified":"2025-05-08T13:07:55","modified_gmt":"2025-05-08T16:07:55","slug":"arrepentimiento-de-compra","status":"publish","type":"page","link":"https:\/\/plantamadrerosario.com\/tienda\/arrepentimiento-de-compra\/","title":{"rendered":"Arrepentimiento de compra"},"content":{"rendered":"<h4>Arrepentimiento de compra<\/h4>\n<p>Este formulario permite ejercer el derecho de arrepentimiento contemplado en la Ley 24.240. Podr\u00e1s solicitar la cancelaci\u00f3n de la compra dentro de los 10 d\u00edas corridos desde la recepci\u00f3n del producto. Por favor complet\u00e1 el siguiente formulario y te informaremos los pasos a seguir.<\/p>\n\n<div class=\"wpcf7 no-js\" id=\"wpcf7-f8274-o1\" lang=\"es-AR\" dir=\"ltr\" data-wpcf7-id=\"8274\">\n<div class=\"screen-reader-response\"><p role=\"status\" aria-live=\"polite\" aria-atomic=\"true\"><\/p> <ul><\/ul><\/div>\n<form action=\"\/tienda\/wp-json\/wp\/v2\/pages\/8279#wpcf7-f8274-o1\" method=\"post\" class=\"wpcf7-form init\" aria-label=\"Formulario de contacto\" novalidate=\"novalidate\" data-status=\"init\">\n<fieldset class=\"hidden-fields-container\"><input type=\"hidden\" name=\"_wpcf7\" value=\"8274\" \/><input type=\"hidden\" name=\"_wpcf7_version\" value=\"6.1.6\" \/><input type=\"hidden\" name=\"_wpcf7_locale\" value=\"es_AR\" \/><input type=\"hidden\" name=\"_wpcf7_unit_tag\" value=\"wpcf7-f8274-o1\" \/><input type=\"hidden\" name=\"_wpcf7_container_post\" value=\"0\" \/><input type=\"hidden\" name=\"_wpcf7_posted_data_hash\" value=\"\" \/>\n<\/fieldset>\n<p><span class=\"wpcf7-form-control-wrap\" data-name=\"nombre-arrepentimiento\"><input size=\"40\" maxlength=\"400\" class=\"wpcf7-form-control wpcf7-text wpcf7-validates-as-required\" aria-required=\"true\" aria-invalid=\"false\" placeholder=\"Nombre*\" value=\"\" type=\"text\" name=\"nombre-arrepentimiento\" \/><\/span><br \/>\n<span class=\"wpcf7-form-control-wrap\" data-name=\"apellido-arrepentimiento\"><input size=\"40\" maxlength=\"400\" class=\"wpcf7-form-control wpcf7-text wpcf7-validates-as-required\" aria-required=\"true\" aria-invalid=\"false\" placeholder=\"Apellido*\" value=\"\" type=\"text\" name=\"apellido-arrepentimiento\" \/><\/span><br \/>\n<span class=\"wpcf7-form-control-wrap\" data-name=\"correo-arrepentimiento\"><input size=\"40\" maxlength=\"400\" class=\"wpcf7-form-control wpcf7-email wpcf7-validates-as-required wpcf7-text wpcf7-validates-as-email\" aria-required=\"true\" aria-invalid=\"false\" value=\"Email*\" type=\"email\" name=\"correo-arrepentimiento\" \/><\/span><br \/>\n<span class=\"wpcf7-form-control-wrap\" data-name=\"dni-arrepentimiento\"><input size=\"40\" maxlength=\"400\" class=\"wpcf7-form-control wpcf7-text wpcf7-validates-as-required\" aria-required=\"true\" aria-invalid=\"false\" placeholder=\"DNI*\" value=\"\" type=\"text\" name=\"dni-arrepentimiento\" \/><\/span><br \/>\n<span class=\"wpcf7-form-control-wrap\" data-name=\"pedido-arrepentimiento\"><input size=\"40\" maxlength=\"400\" class=\"wpcf7-form-control wpcf7-text wpcf7-validates-as-required\" aria-required=\"true\" aria-invalid=\"false\" placeholder=\"N\u00ba de pedido*\" value=\"\" type=\"text\" name=\"pedido-arrepentimiento\" \/><\/span><br \/>\n<span class=\"wpcf7-form-control-wrap\" data-name=\"comentarios-arrepentimiento\"><textarea cols=\"40\" rows=\"10\" maxlength=\"2000\" class=\"wpcf7-form-control wpcf7-textarea\" aria-invalid=\"false\" placeholder=\"Comentarios\" name=\"comentarios-arrepentimiento\"><\/textarea><\/span><br \/>\n<input class=\"wpcf7-form-control wpcf7-submit has-spinner\" type=\"submit\" value=\"Enviar\" \/>\n<\/p><div class=\"wpcf7-response-output\" aria-hidden=\"true\"><\/div>\n<\/form>\n<\/div>\n\n","protected":false},"excerpt":{"rendered":"<p>Arrepentimiento de compra Este formulario permite ejercer el derecho de arrepentimiento contemplado en la Ley 24.240. Podr\u00e1s solicitar la cancelaci\u00f3n de la compra dentro de los 10 d\u00edas corridos desde la recepci\u00f3n del producto. Por favor complet\u00e1 el siguiente formulario y te informaremos los pasos a seguir.<\/p>\n","protected":false},"author":1,"featured_media":0,"parent":0,"menu_order":0,"comment_status":"closed","ping_status":"closed","template":"","meta":{"_acf_changed":false,"footnotes":""},"class_list":["post-8279","page","type-page","status-publish","hentry"],"acf":[],"_links":{"self":[{"href":"https:\/\/plantamadrerosario.com\/tienda\/wp-json\/wp\/v2\/pages\/8279","targetHints":{"allow":["GET"]}}],"collection":[{"href":"https:\/\/plantamadrerosario.com\/tienda\/wp-json\/wp\/v2\/pages"}],"about":[{"href":"https:\/\/plantamadrerosario.com\/tienda\/wp-json\/wp\/v2\/types\/page"}],"author":[{"embeddable":true,"href":"https:\/\/plantamadrerosario.com\/tienda\/wp-json\/wp\/v2\/users\/1"}],"replies":[{"embeddable":true,"href":"https:\/\/plantamadrerosario.com\/tienda\/wp-json\/wp\/v2\/comments?post=8279"}],"version-history":[{"count":1,"href":"https:\/\/plantamadrerosario.com\/tienda\/wp-json\/wp\/v2\/pages\/8279\/revisions"}],"predecessor-version":[{"id":8280,"href":"https:\/\/plantamadrerosario.com\/tienda\/wp-json\/wp\/v2\/pages\/8279\/revisions\/8280"}],"wp:attachment":[{"href":"https:\/\/plantamadrerosario.com\/tienda\/wp-json\/wp\/v2\/media?parent=8279"}],"curies":[{"name":"wp","href":"https:\/\/api.w.org\/{rel}","templated":true}]}}