{"id":1632,"date":"2021-07-02T00:43:04","date_gmt":"2021-07-02T03:43:04","guid":{"rendered":"https:\/\/plantamadrerosario.com\/tienda\/?post_type=product&#038;p=1632"},"modified":"2026-04-14T18:27:19","modified_gmt":"2026-04-14T21:27:19","slug":"maceta-conica-premium-n20-2","status":"publish","type":"product","link":"https:\/\/plantamadrerosario.com\/tienda\/producto\/maceta-conica-premium-n20-2\/","title":{"rendered":"Maceta C\u00f3nica Blanca Premium T.A. Plastic N\u00b020"},"content":{"rendered":"<p>La calidad T.A. Plastic es avalada por el uso de m\u00e1quinas de alta tecnolog\u00eda haciendo que sus productos sean \u00fanicos en el rubro, por su gran calidad y durabilidad. Por los altos standares de confecci\u00f3n, sus productos son los mas elegidos por quienes se preocupan por tener un jard\u00edn colorido y de calidad<\/p>\n","protected":false},"excerpt":{"rendered":"<p>Di\u00e1metro 20cm<\/p>\n<p>Altura 19cm<\/p>\n","protected":false},"featured_media":6466,"template":"","meta":{"_acf_changed":false},"product_brand":[],"product_cat":[50,25,63],"product_tag":[],"class_list":{"0":"post-1632","1":"product","2":"type-product","3":"status-publish","4":"has-post-thumbnail","6":"product_cat-macetas","7":"product_cat-macetas-de-plastico","8":"product_cat-minimalistas","10":"first","11":"instock","12":"taxable","13":"shipping-taxable","14":"purchasable","15":"product-type-simple"},"acf":[],"_links":{"self":[{"href":"https:\/\/plantamadrerosario.com\/tienda\/wp-json\/wp\/v2\/product\/1632","targetHints":{"allow":["GET"]}}],"collection":[{"href":"https:\/\/plantamadrerosario.com\/tienda\/wp-json\/wp\/v2\/product"}],"about":[{"href":"https:\/\/plantamadrerosario.com\/tienda\/wp-json\/wp\/v2\/types\/product"}],"wp:featuredmedia":[{"embeddable":true,"href":"https:\/\/plantamadrerosario.com\/tienda\/wp-json\/wp\/v2\/media\/6466"}],"wp:attachment":[{"href":"https:\/\/plantamadrerosario.com\/tienda\/wp-json\/wp\/v2\/media?parent=1632"}],"wp:term":[{"taxonomy":"product_brand","embeddable":true,"href":"https:\/\/plantamadrerosario.com\/tienda\/wp-json\/wp\/v2\/product_brand?post=1632"},{"taxonomy":"product_cat","embeddable":true,"href":"https:\/\/plantamadrerosario.com\/tienda\/wp-json\/wp\/v2\/product_cat?post=1632"},{"taxonomy":"product_tag","embeddable":true,"href":"https:\/\/plantamadrerosario.com\/tienda\/wp-json\/wp\/v2\/product_tag?post=1632"}],"curies":[{"name":"wp","href":"https:\/\/api.w.org\/{rel}","templated":true}]}}