{"id":3066,"date":"2022-02-12T12:00:35","date_gmt":"2022-02-12T15:00:35","guid":{"rendered":"https:\/\/plantamadrerosario.com\/tienda\/?post_type=product&#038;p=3066"},"modified":"2026-04-14T18:24:28","modified_gmt":"2026-04-14T21:24:28","slug":"maceta-premium-redonda-blanca-35","status":"publish","type":"product","link":"https:\/\/plantamadrerosario.com\/tienda\/producto\/maceta-premium-redonda-blanca-35\/","title":{"rendered":"Maceta Premium Redonda T.A. Plastic Blanca 35"},"content":{"rendered":"<p>La calidad T.A. Plastic es avalada por el uso de m\u00e1quinas de alta tecnolog\u00eda, haciendo que nuestros productos sean \u00fanicos en el rubro.<\/p>\n","protected":false},"excerpt":{"rendered":"<p>Envase<\/p>\n<p>Maceta Redonda blanca; 35 cm de di\u00e1metro<\/p>\n<p>&nbsp;<\/p>\n","protected":false},"featured_media":3067,"template":"","meta":{"_acf_changed":false},"product_brand":[],"product_cat":[50,25,63],"product_tag":[],"class_list":{"0":"post-3066","1":"product","2":"type-product","3":"status-publish","4":"has-post-thumbnail","6":"product_cat-macetas","7":"product_cat-macetas-de-plastico","8":"product_cat-minimalistas","10":"first","11":"instock","12":"taxable","13":"shipping-taxable","14":"purchasable","15":"product-type-simple"},"acf":[],"_links":{"self":[{"href":"https:\/\/plantamadrerosario.com\/tienda\/wp-json\/wp\/v2\/product\/3066","targetHints":{"allow":["GET"]}}],"collection":[{"href":"https:\/\/plantamadrerosario.com\/tienda\/wp-json\/wp\/v2\/product"}],"about":[{"href":"https:\/\/plantamadrerosario.com\/tienda\/wp-json\/wp\/v2\/types\/product"}],"wp:featuredmedia":[{"embeddable":true,"href":"https:\/\/plantamadrerosario.com\/tienda\/wp-json\/wp\/v2\/media\/3067"}],"wp:attachment":[{"href":"https:\/\/plantamadrerosario.com\/tienda\/wp-json\/wp\/v2\/media?parent=3066"}],"wp:term":[{"taxonomy":"product_brand","embeddable":true,"href":"https:\/\/plantamadrerosario.com\/tienda\/wp-json\/wp\/v2\/product_brand?post=3066"},{"taxonomy":"product_cat","embeddable":true,"href":"https:\/\/plantamadrerosario.com\/tienda\/wp-json\/wp\/v2\/product_cat?post=3066"},{"taxonomy":"product_tag","embeddable":true,"href":"https:\/\/plantamadrerosario.com\/tienda\/wp-json\/wp\/v2\/product_tag?post=3066"}],"curies":[{"name":"wp","href":"https:\/\/api.w.org\/{rel}","templated":true}]}}