{"id":4344,"date":"2022-06-30T00:32:13","date_gmt":"2022-06-30T03:32:13","guid":{"rendered":"https:\/\/plantamadrerosario.com\/tienda\/?post_type=product&#038;p=4344"},"modified":"2025-06-06T15:52:18","modified_gmt":"2025-06-06T18:52:18","slug":"aglonema-silver-bay","status":"publish","type":"product","link":"https:\/\/plantamadrerosario.com\/tienda\/producto\/aglonema-silver-bay\/","title":{"rendered":"Aglonema Silver Bay"},"content":{"rendered":"<p><span class=\"VIiyi\" lang=\"es\"><span class=\"JLqJ4b ChMk0b\" data-language-for-alternatives=\"es\" data-language-to-translate-into=\"pt\" data-phrase-index=\"2\" data-number-of-phrases=\"39\"><span class=\"Q4iAWc\">La Aglaonema <\/span><\/span><\/span><span class=\"JLqJ4b ChMk0b\" data-language-for-alternatives=\"es\" data-language-to-translate-into=\"pt\" data-phrase-index=\"4\" data-number-of-phrases=\"39\"><span class=\"Q4iAWc\">prosperara con luz indirecta baja a brillante.<\/span><\/span> <span class=\"JLqJ4b ChMk0b\" data-language-for-alternatives=\"es\" data-language-to-translate-into=\"pt\" data-phrase-index=\"5\" data-number-of-phrases=\"39\"><span class=\"Q4iAWc\">Sin embargo, las diferentes variedades tienen necesidades de luz ligeramente diferentes y, en general, cuanto m\u00e1s oscuras son las hojas y el tallo, m\u00e1s tolerante es la planta a la poca luz.<\/span><\/span> <span class=\"JLqJ4b ChMk0b\" data-language-for-alternatives=\"es\" data-language-to-translate-into=\"pt\" data-phrase-index=\"6\" data-number-of-phrases=\"39\"><span class=\"Q4iAWc\">Para todas las variedades, evite el pleno sol, que puede quemar las hojas.<\/span><\/span><\/p>\n<p><span class=\"JLqJ4b ChMk0b\" data-language-for-alternatives=\"es\" data-language-to-translate-into=\"pt\" data-phrase-index=\"19\" data-number-of-phrases=\"39\"><span class=\"Q4iAWc\">Riegue bien, luego deje que los 5cm superiores de tierra se sequen antes de volver a regar.<\/span><\/span> <span class=\"JLqJ4b ChMk0b\" data-language-for-alternatives=\"es\" data-language-to-translate-into=\"pt\" data-phrase-index=\"20\" data-number-of-phrases=\"39\"><span class=\"Q4iAWc\">En condiciones de poca luz, deje que el suelo se seque m\u00e1s antes de volver a regar.<\/span><\/span><\/p>\n<p>La Silver Bay se caracteriza por sus hojas verdes con un toque verde m\u00e1s claro en el medio. Tambi\u00e9n conocida como Aglaonema, es una planta f\u00e1cil de cultivar y cuidar. Originaria de Asia, tolera casi cualquier condici\u00f3n de interior. Las hojas m\u00e1s grandes vienen con patrones \u00fanicos que funcionan con todo tipo de macetas y muebles.<\/p>\n<p>&nbsp;<\/p>\n","protected":false},"excerpt":{"rendered":"<p>Envase<\/p>\n<p>Maceta plastica: 12cm de di\u00e1metro<\/p>\n<p>Importante Saber: Como las plantas son productos naturales, el color, el patron y las forma pueden variar.<\/p>\n","protected":false},"featured_media":7274,"template":"","meta":{"_acf_changed":false},"product_brand":[],"product_cat":[21],"product_tag":[],"class_list":{"0":"post-4344","1":"product","2":"type-product","3":"status-publish","4":"has-post-thumbnail","6":"product_cat-interior","8":"first","9":"outofstock","10":"taxable","11":"shipping-taxable","12":"purchasable","13":"product-type-simple"},"acf":[],"_links":{"self":[{"href":"https:\/\/plantamadrerosario.com\/tienda\/wp-json\/wp\/v2\/product\/4344","targetHints":{"allow":["GET"]}}],"collection":[{"href":"https:\/\/plantamadrerosario.com\/tienda\/wp-json\/wp\/v2\/product"}],"about":[{"href":"https:\/\/plantamadrerosario.com\/tienda\/wp-json\/wp\/v2\/types\/product"}],"wp:featuredmedia":[{"embeddable":true,"href":"https:\/\/plantamadrerosario.com\/tienda\/wp-json\/wp\/v2\/media\/7274"}],"wp:attachment":[{"href":"https:\/\/plantamadrerosario.com\/tienda\/wp-json\/wp\/v2\/media?parent=4344"}],"wp:term":[{"taxonomy":"product_brand","embeddable":true,"href":"https:\/\/plantamadrerosario.com\/tienda\/wp-json\/wp\/v2\/product_brand?post=4344"},{"taxonomy":"product_cat","embeddable":true,"href":"https:\/\/plantamadrerosario.com\/tienda\/wp-json\/wp\/v2\/product_cat?post=4344"},{"taxonomy":"product_tag","embeddable":true,"href":"https:\/\/plantamadrerosario.com\/tienda\/wp-json\/wp\/v2\/product_tag?post=4344"}],"curies":[{"name":"wp","href":"https:\/\/api.w.org\/{rel}","templated":true}]}}