{"id":540,"date":"2021-05-17T00:51:46","date_gmt":"2021-05-17T03:51:46","guid":{"rendered":"https:\/\/plantamadrerosario.com\/tienda\/?post_type=product&#038;p=540"},"modified":"2026-02-03T19:02:33","modified_gmt":"2026-02-03T22:02:33","slug":"humus-de-lombriz-liquido-100-natural","status":"publish","type":"product","link":"https:\/\/plantamadrerosario.com\/tienda\/producto\/humus-de-lombriz-liquido-100-natural\/","title":{"rendered":"Humus L\u00edquido. 100% Natural Lombrico"},"content":{"rendered":"<p>Lombrico Humus L\u00edquido es un Fertilizante Org\u00e1nico 100% Natural.<\/p>\n<p>Posee todos los nutrientes fundamentales para para el desarrollo de los cultivos, recuperaci\u00f3n de suelos, fortalecimiento de hojas y flores.<\/p>\n<p>Es recomendable tanto para riego en tierra como para aplicar en forma foliar con atomizador.<\/p>\n<p>Es un excelente complemento para mejorar tus cultivos durante todo el a\u00f1o: huertas, cesped, plantas, c\u00edtricos, flores y mas.<\/p>\n<p>Es rico en Nitr\u00f3geno + F\u00f3sforo + Potasio.<\/p>\n<p>Fortalece todo tipo de cultivos y plantas inhibiendo el crecimiento de hongos, bacterias, proporcionando alta resistencia a plagas y otros factores da\u00f1inos, como las heladas.<\/p>\n<p>Reduce el shock en trasplantes, y es aceleradador en la germinaci\u00f3n.<\/p>\n<p>Incrementa y potencia el crecimiento de ra\u00edz.<\/p>\n<p>Aumenta la capacidad de retenci\u00f3n, nutrientes y agua de las plantas.<\/p>\n<p>Es aplicable en Plantas de Interior y Exterior.<\/p>\n","protected":false},"excerpt":{"rendered":"<p class=\"product-details__product-title ec-header-h3\">Lombrico Humus L\u00edquido Concentrado<\/p>\n<p class=\"product-details__product-title ec-header-h3\">Presentaci\u00f3n 500cc<\/p>\n","protected":false},"featured_media":8273,"template":"","meta":{"_acf_changed":false},"product_brand":[],"product_cat":[56,69],"product_tag":[],"class_list":{"0":"post-540","1":"product","2":"type-product","3":"status-publish","4":"has-post-thumbnail","6":"product_cat-control-de-plagas","7":"product_cat-fertilizantes","9":"first","10":"instock","11":"featured","12":"taxable","13":"shipping-taxable","14":"purchasable","15":"product-type-simple"},"acf":[],"_links":{"self":[{"href":"https:\/\/plantamadrerosario.com\/tienda\/wp-json\/wp\/v2\/product\/540","targetHints":{"allow":["GET"]}}],"collection":[{"href":"https:\/\/plantamadrerosario.com\/tienda\/wp-json\/wp\/v2\/product"}],"about":[{"href":"https:\/\/plantamadrerosario.com\/tienda\/wp-json\/wp\/v2\/types\/product"}],"wp:featuredmedia":[{"embeddable":true,"href":"https:\/\/plantamadrerosario.com\/tienda\/wp-json\/wp\/v2\/media\/8273"}],"wp:attachment":[{"href":"https:\/\/plantamadrerosario.com\/tienda\/wp-json\/wp\/v2\/media?parent=540"}],"wp:term":[{"taxonomy":"product_brand","embeddable":true,"href":"https:\/\/plantamadrerosario.com\/tienda\/wp-json\/wp\/v2\/product_brand?post=540"},{"taxonomy":"product_cat","embeddable":true,"href":"https:\/\/plantamadrerosario.com\/tienda\/wp-json\/wp\/v2\/product_cat?post=540"},{"taxonomy":"product_tag","embeddable":true,"href":"https:\/\/plantamadrerosario.com\/tienda\/wp-json\/wp\/v2\/product_tag?post=540"}],"curies":[{"name":"wp","href":"https:\/\/api.w.org\/{rel}","templated":true}]}}