{"id":5569,"date":"2023-02-20T11:13:04","date_gmt":"2023-02-20T14:13:04","guid":{"rendered":"https:\/\/plantamadrerosario.com\/tienda\/?post_type=product&#038;p=5569"},"modified":"2025-09-14T13:06:15","modified_gmt":"2025-09-14T16:06:15","slug":"mamboreta-d-insecticida-acaricida-sistemico","status":"publish","type":"product","link":"https:\/\/plantamadrerosario.com\/tienda\/producto\/mamboreta-d-insecticida-acaricida-sistemico\/","title":{"rendered":"Mamboret\u00e1 D Insecticida Acaricida Sist\u00e9mico"},"content":{"rendered":"<div id=\"content-1587493965126-95ed0dd7-6c17\" class=\"w-tabs-section-content\">\n<div class=\"w-tabs-section-content-h i-cf\">\n<div class=\"w-post-elm post_content\">\n<p><strong>Mamboret\u00e1 D<\/strong>\u00a0es un insecticida sist\u00e9mico Foliar y de contacto; es absorbido por el vegetal y distribuido por toda la planta por medio de la savia a todos los \u00f3rganos de la planta, protegiendo los brotes que se desarrollan con posterioridad al tratamiento.<\/p>\n<p>Como act\u00faa por contacto y por succi\u00f3n de los jugos impregnados, la acci\u00f3n sist\u00e9mica es m\u00e1s fuerte cuando hay circulaci\u00f3n de savia.<\/p>\n<p>El vegetal lo absorbe dentro de las 2 horas de aplicaci\u00f3n, por lo que cualquier lluvia posterior no afecta su eficacia. Posee una acci\u00f3n residual de 2 a 6 semanas (seg\u00fan el par\u00e1sito y cultivo). <strong>Mamboret\u00e1 D<\/strong> puede emplearse en cultivos florales, ornamentales, hort\u00edcolas y frutales, de acuerdo con lo detallado en la tabla de uso de este folleto.<\/p>\n<p>La nueva formulaci\u00f3n <strong>Mamboret\u00e1 D,<\/strong> patentada y desarrollada por <strong>Aripa SRL,<\/strong> contiene 75 g\/L como concentrado emulsionable. Este nuevo producto est\u00e1 formulado a base de Dimetoato de primera calidad (7.5% p\/v) libre de emulgentes nonilfen\u00f3licos y de disolventes, y un \u00fanico estabilizante. La funci\u00f3n de este estabilizante es reducir la velocidad de degradaci\u00f3n de la materia activa.<\/p>\n<p>Cuando el Dimetoato se degrada, da lugar a subproductos como el isodimetoato, con escasa actividad contra las plagas, de mayor toxicidad para mam\u00edferos y causantes del mal olor caracter\u00edstico.<\/p>\n<p>En la formulaci\u00f3n nueva, la reducci\u00f3n de la velocidad de degradaci\u00f3n permite que la concentraci\u00f3n del ingrediente activo permanezca estable, manteniendo la eficacia durante m\u00e1s tiempo.<br \/>\nAl mejorar la estabilidad, tambi\u00e9n se reduce la concentraci\u00f3n de subproductos de degradaci\u00f3n en la formulaci\u00f3n (isodimetoato), dando lugar a una menor toxicidad para mam\u00edferos y por tanto un menor riesgo para el usuario. Por otra parte, tambi\u00e9n se reduce el mal olor caracter\u00edstico de los formulados de Dimetoato, facilitando las condiciones de trabajo cuando se utiliza el producto.<\/p>\n<\/div>\n<\/div>\n<\/div>\n","protected":false},"excerpt":{"rendered":"<p><strong>Contra Cochinilla y Pulgones<\/strong><\/p>\n<p><strong>DOSIS PROMEDIO:<\/strong> 6 cm3 por litro de agua.<br \/>\n<strong>CONTROLA:<\/strong> Insectos chupadores, es de amplio espectro: pulgones, cochinillas, trips, mosca de la fruta, gusano de la pera y la manzana, etc.<br \/>\n<strong>PRESENTACI\u00d3N:<\/strong> 60 cm\u00b3<\/p>\n","protected":false},"featured_media":5669,"template":"","meta":{"_acf_changed":false},"product_brand":[],"product_cat":[56,70],"product_tag":[],"class_list":{"0":"post-5569","1":"product","2":"type-product","3":"status-publish","4":"has-post-thumbnail","6":"product_cat-control-de-plagas","7":"product_cat-insecticidas","9":"first","10":"instock","11":"taxable","12":"shipping-taxable","13":"purchasable","14":"product-type-simple"},"acf":[],"_links":{"self":[{"href":"https:\/\/plantamadrerosario.com\/tienda\/wp-json\/wp\/v2\/product\/5569","targetHints":{"allow":["GET"]}}],"collection":[{"href":"https:\/\/plantamadrerosario.com\/tienda\/wp-json\/wp\/v2\/product"}],"about":[{"href":"https:\/\/plantamadrerosario.com\/tienda\/wp-json\/wp\/v2\/types\/product"}],"wp:featuredmedia":[{"embeddable":true,"href":"https:\/\/plantamadrerosario.com\/tienda\/wp-json\/wp\/v2\/media\/5669"}],"wp:attachment":[{"href":"https:\/\/plantamadrerosario.com\/tienda\/wp-json\/wp\/v2\/media?parent=5569"}],"wp:term":[{"taxonomy":"product_brand","embeddable":true,"href":"https:\/\/plantamadrerosario.com\/tienda\/wp-json\/wp\/v2\/product_brand?post=5569"},{"taxonomy":"product_cat","embeddable":true,"href":"https:\/\/plantamadrerosario.com\/tienda\/wp-json\/wp\/v2\/product_cat?post=5569"},{"taxonomy":"product_tag","embeddable":true,"href":"https:\/\/plantamadrerosario.com\/tienda\/wp-json\/wp\/v2\/product_tag?post=5569"}],"curies":[{"name":"wp","href":"https:\/\/api.w.org\/{rel}","templated":true}]}}