{"id":5570,"date":"2023-02-20T11:28:52","date_gmt":"2023-02-20T14:28:52","guid":{"rendered":"https:\/\/plantamadrerosario.com\/tienda\/?post_type=product&#038;p=5570"},"modified":"2025-09-14T13:05:45","modified_gmt":"2025-09-14T16:05:45","slug":"mamboreta-h-contra-hongos","status":"publish","type":"product","link":"https:\/\/plantamadrerosario.com\/tienda\/producto\/mamboreta-h-contra-hongos\/","title":{"rendered":"Mamboret\u00e1 H Contra Hongos"},"content":{"rendered":"<p><strong>Mamboret\u00e1 H<\/strong> es un fungicida sist\u00e9mico formulado como suspensi\u00f3n concentrada, que se utiliza contra hongos. Es de acci\u00f3n preventiva y curativa, de amplio espectro. Es absorbido por las partes verdes del vegetal y las ra\u00edces, distribuy\u00e9ndose por los tejidos y alcanzando partes no tratadas directamente o de crecimiento posterior. Su persistencia en forma activa dentro del vegetal es de dos a tres semanas.<\/p>\n<p><strong>Mamboret\u00e1 H\u00a0<\/strong>cura a un grupo de hongos que causa da\u00f1os debajo o a nivel del suelo y que prosperaran en condiciones de humedad y en presencia de heridas de los tejidos vegetales ( imposibles de evitar durante el laboreo de la tierra y en los trasplantes). Estos hongos, cuyos da\u00f1os son muy graves, pasan generalmente inadvertidos para los que no son especialistas y suelen atribuirse a falta de agua, golpes de sol, etc.<\/p>\n<p><strong>Mamboret\u00e1 H<\/strong> es recomendado para su empleo en \u00e1reas comerciales donde hay c\u00e9spedes y puede emplearse en cultivos florales, ornamentales, hort\u00edcolas y frutales de acuerdo con lo detallado en la tabla de uso en la solapa Prospecto.<\/p>\n<p><strong>Preparaci\u00f3n:<\/strong><br \/>\nAgitar antes de utilizar, mezclar la dosis de <strong>Mamboret\u00e1 H<\/strong> a utilizar con un poco de agua y agitar hasta formar una emulsi\u00f3n, luego agregar el agua restante hasta alcanzar el volumen total necesario, pero siempre agitando fuertemente. De la misma manera se procede en los ba\u00f1os de inmersi\u00f3n de frutas. Utilizar la emulsi\u00f3n de inmediato, no dejar producto preparado de un d\u00eda para el otro. En explotaciones reducidas, puede aplicarse con cualquier m\u00e1quina pulverizadora, sea manual o de motor. Durante la aplicaci\u00f3n, deber\u00e1 mantenerse la suspensi\u00f3n en agitaci\u00f3n. Cubrir bien el follaje a tratar, pulverizando hasta punto de goteo. Aplicarlo en las primeras horas de la ma\u00f1ana o \u00faltimas de la tarde.<\/p>\n","protected":false},"excerpt":{"rendered":"<p>Mamboret\u00e1 <strong>H\u00a0<\/strong>es un fungicida sist\u00e9mico por hoja y ra\u00edz.<\/p>\n<div id=\"content-1587596073953-b4e2f841-ff8d\" class=\"w-tabs-section-content\">\n<div class=\"w-tabs-section-content-h i-cf\">\n<div class=\"wpb_text_column\">\n<div class=\"wpb_wrapper\">\n<ul>\n<li>De acci\u00f3n preventiva y curativa<\/li>\n<li>Mamboret\u00e1\u00a0<strong>H\u00a0<\/strong>es un fungicida de muy amplio espectro.<\/li>\n<li>La persistencia en forma activa dentro del vegetal es de 2 a 3 semanas.<\/li>\n<\/ul>\n<\/div>\n<\/div>\n<\/div>\n<\/div>\n<p><strong>DOSIS PROMEDIO:<\/strong> 1 medida\u00a0\u00f3 1 cm\u00b3 por litro de agua.<br \/>\n<strong>CONTROLA: <\/strong>Podredumbre o moho gris, o\u00eddio, sarna, viruela, antracnosis, fusariosis, fusarium, etc.<br \/>\n<strong>PRESENTACI\u00d3N:<\/strong> 30 cm\u00b3.<\/p>\n","protected":false},"featured_media":5670,"template":"","meta":{"_acf_changed":false},"product_brand":[],"product_cat":[70],"product_tag":[],"class_list":{"0":"post-5570","1":"product","2":"type-product","3":"status-publish","4":"has-post-thumbnail","6":"product_cat-insecticidas","8":"first","9":"instock","10":"taxable","11":"shipping-taxable","12":"purchasable","13":"product-type-simple"},"acf":[],"_links":{"self":[{"href":"https:\/\/plantamadrerosario.com\/tienda\/wp-json\/wp\/v2\/product\/5570","targetHints":{"allow":["GET"]}}],"collection":[{"href":"https:\/\/plantamadrerosario.com\/tienda\/wp-json\/wp\/v2\/product"}],"about":[{"href":"https:\/\/plantamadrerosario.com\/tienda\/wp-json\/wp\/v2\/types\/product"}],"wp:featuredmedia":[{"embeddable":true,"href":"https:\/\/plantamadrerosario.com\/tienda\/wp-json\/wp\/v2\/media\/5670"}],"wp:attachment":[{"href":"https:\/\/plantamadrerosario.com\/tienda\/wp-json\/wp\/v2\/media?parent=5570"}],"wp:term":[{"taxonomy":"product_brand","embeddable":true,"href":"https:\/\/plantamadrerosario.com\/tienda\/wp-json\/wp\/v2\/product_brand?post=5570"},{"taxonomy":"product_cat","embeddable":true,"href":"https:\/\/plantamadrerosario.com\/tienda\/wp-json\/wp\/v2\/product_cat?post=5570"},{"taxonomy":"product_tag","embeddable":true,"href":"https:\/\/plantamadrerosario.com\/tienda\/wp-json\/wp\/v2\/product_tag?post=5570"}],"curies":[{"name":"wp","href":"https:\/\/api.w.org\/{rel}","templated":true}]}}