{"id":5645,"date":"2023-03-01T17:00:44","date_gmt":"2023-03-01T20:00:44","guid":{"rendered":"https:\/\/plantamadrerosario.com\/tienda\/?post_type=product&#038;p=5645"},"modified":"2025-09-02T16:19:08","modified_gmt":"2025-09-02T19:19:08","slug":"syngonium-moonshine-chico","status":"publish","type":"product","link":"https:\/\/plantamadrerosario.com\/tienda\/producto\/syngonium-moonshine-chico\/","title":{"rendered":"Syngonium S + Maceta Texturada"},"content":{"rendered":"<p>\u00a1Descubre el encanto del Syngonium! \ud83c\udf3f\ud83d\udc9a<\/p>\n<p>Esta hermosa planta Syngonium es una excelente opci\u00f3n para agregar un toque de elegancia y frescura a tu hogar o oficina \ud83c\udfe0\ud83d\udcbc. Con sus hojas lanceoladas y su crecimiento vertical, puede adornar cualquier espacio \ud83c\udf38. El Syngonium Moonshine destacada con sus hojas sim\u00e9tricas claras y sus m\u00e1rgenes de color verde claro: de follaje espeso y brillante ilumina cualquier espacio.<\/p>\n<p>Pero no solo es una belleza, tambi\u00e9n es una planta muy vers\u00e1til y f\u00e1cil de cuidar \ud83c\udf31. Puede crecer en una variedad de condiciones de luz y temperatura, lo que la hace ideal para espacios con diferentes niveles de iluminaci\u00f3n \ud83d\udca1.<\/p>\n<p>Ficha de cuidados:<\/p>\n<p><strong>Nombre<\/strong>: Syngonium \ud83c\udf3f | <strong>Iluminaci\u00f3n<\/strong>: Luz indirecta a media, puede tolerar baja luz \u26c5\ufe0f | <strong>Riego<\/strong>: Riego moderado, permitir que el suelo se seque ligeramente entre riegos \ud83d\udca7 | <strong>Temperatura<\/strong>: Entre 20-30\u00b0C \u2744\ufe0f | <strong>Humedad<\/strong>: Moderada a alta humedad \ud83d\udca6 | <strong>Fertilizaci\u00f3n<\/strong>: Fertilizar cada 2-3 semanas durante la temporada de crecimiento \ud83c\udf31 | <strong>Poda<\/strong>: Poda regular para mantener la forma y promover el crecimiento nuevo \u2702\ufe0f | <strong>Beneficios<\/strong>: Planta vers\u00e1til y f\u00e1cil de cuidar, ideal para espacios con diferentes niveles de iluminaci\u00f3n \ud83c\udf1f<\/p>\n<p>&nbsp;<\/p>\n","protected":false},"excerpt":{"rendered":"<p><strong>Envase<\/strong><\/p>\n<p>Maceta pl\u00e1stica redonda rayada blanca; 14cm di\u00e1metro<\/p>\n<p><strong>Importante Saber<\/strong>. Como las plantas son productos naturales, el patron, la forma y los colores pueden variar.<\/p>\n","protected":false},"featured_media":8016,"template":"","meta":{"_acf_changed":false},"product_brand":[],"product_cat":[21],"product_tag":[],"class_list":{"0":"post-5645","1":"product","2":"type-product","3":"status-publish","4":"has-post-thumbnail","6":"product_cat-interior","8":"first","9":"outofstock","10":"taxable","11":"shipping-taxable","12":"purchasable","13":"product-type-simple"},"acf":[],"_links":{"self":[{"href":"https:\/\/plantamadrerosario.com\/tienda\/wp-json\/wp\/v2\/product\/5645","targetHints":{"allow":["GET"]}}],"collection":[{"href":"https:\/\/plantamadrerosario.com\/tienda\/wp-json\/wp\/v2\/product"}],"about":[{"href":"https:\/\/plantamadrerosario.com\/tienda\/wp-json\/wp\/v2\/types\/product"}],"wp:featuredmedia":[{"embeddable":true,"href":"https:\/\/plantamadrerosario.com\/tienda\/wp-json\/wp\/v2\/media\/8016"}],"wp:attachment":[{"href":"https:\/\/plantamadrerosario.com\/tienda\/wp-json\/wp\/v2\/media?parent=5645"}],"wp:term":[{"taxonomy":"product_brand","embeddable":true,"href":"https:\/\/plantamadrerosario.com\/tienda\/wp-json\/wp\/v2\/product_brand?post=5645"},{"taxonomy":"product_cat","embeddable":true,"href":"https:\/\/plantamadrerosario.com\/tienda\/wp-json\/wp\/v2\/product_cat?post=5645"},{"taxonomy":"product_tag","embeddable":true,"href":"https:\/\/plantamadrerosario.com\/tienda\/wp-json\/wp\/v2\/product_tag?post=5645"}],"curies":[{"name":"wp","href":"https:\/\/api.w.org\/{rel}","templated":true}]}}