{"id":5707,"date":"2023-03-17T10:53:00","date_gmt":"2023-03-17T13:53:00","guid":{"rendered":"https:\/\/plantamadrerosario.com\/tienda\/?post_type=product&#038;p=5707"},"modified":"2025-12-05T12:05:05","modified_gmt":"2025-12-05T15:05:05","slug":"zamioculcas-zamiifolia-chica","status":"publish","type":"product","link":"https:\/\/plantamadrerosario.com\/tienda\/producto\/zamioculcas-zamiifolia-chica\/","title":{"rendered":"Zamioculcas Zamiifolia &#8220;M&#8221;"},"content":{"rendered":"<p>Las plantas ZZ son una de las plantas m\u00e1s resistentes de la naturaleza. Tolerante a la sequ\u00eda, y a la poca luz. En un estudio de la NASA, tambi\u00e9n se descubri\u00f3 que la planta ZZ es espec\u00edficamente competente para eliminar grandes cantidades de toxinas en el aire.<\/p>\n<p>Los tallos de las plantas ZZ crecen en una elegante forma de varita que comienza gruesa y bulbosa en la base y luego se estrecha hasta convertirse en punta. A lo largo del tallo hay hojas carnosas de forma ovalada. Toda la planta tiene una capa cerosa brillante que la hace parecer artificial desde la distancia.<\/p>\n<p>El cuidado de la planta ZZ es simple y b\u00e1sico. Col\u00f3quelo en luz indirecta baja a brillante y solo riegue cuando est\u00e9 completamente seco, dependiendo las condiciones clim\u00e1ticas, generalmente una vez, por semana o cada dos semanas.<\/p>\n<p><strong>Luz y temperatura\u00a0 P<\/strong>ueden sobrevivir en una amplia gama de condiciones de iluminaci\u00f3n, lo que las convierte en plantas de interior perfectas. Sin embargo, prosperan mejor con luz brillante e indirecta y pueden alargar sus tallos si no se les da suficiente luz.<\/p>\n<p>Evitar colocarlas en un lugar cerca de corrientes de aire o \u00e1reas particularmente fr\u00edas en el hogar.<\/p>\n<p><strong>Riego y humedad <\/strong>\u00a0<strong>A<\/strong>l igual que las suculentas, las plantas ZZ necesitan menos agua en lugar de m\u00e1s. Riegue la planta solo cuando el suelo se haya secado por completo. La \u00fanica forma en que puedes matar la planta es reg\u00e1ndola en exceso. Puede sobrevivir a las sequ\u00edas, pero crecer\u00e1 m\u00e1s r\u00e1pido cuando se riega con regularidad, generalmente una vez cada 10 a 14 d\u00edas.<\/p>\n<p>Van bien en condiciones de humedad interior promedio y no es necesario rociarlas. Se pueden limpiar sus hojas cuando acumulen tierra.<\/p>\n<p><strong>Suelo y trasplante L<\/strong>as plantas ZZ no son exigentes en t\u00e9rminos de suelo siempre que use una mezcla para macetas con buen drenaje.<\/p>\n<p>Solo deben trasplantarse una vez que superan la maceta. Esto suele ser evidente cuando los rizomas comienzan a presionar contra el borde de la maceta o deformar la forma de la maceta.<\/p>\n<p><strong>Toxicidad L<\/strong>as plantas ZZ son t\u00f3xicas si se ingieren y deben mantenerse fuera del alcance de los ni\u00f1os y las mascotas.<br \/>\nPosibles problemas<\/p>\n<p>&nbsp;<\/p>\n","protected":false},"excerpt":{"rendered":"<div class=\"woocommerce-product-details__short-description\">\n<p><strong>Envase<\/strong><\/p>\n<p>Maceta plastica: 14cm de di\u00e1metro<\/p>\n<p><strong>Altura Aproximada<\/strong><\/p>\n<p>60cm<\/p>\n<p><strong>Importante Saber<\/strong>: Como las plantas son productos naturales, el color, el patron y las forma pueden variar.<\/p>\n<\/div>\n","protected":false},"featured_media":7472,"template":"","meta":{"_acf_changed":false},"product_brand":[],"product_cat":[21],"product_tag":[],"class_list":{"0":"post-5707","1":"product","2":"type-product","3":"status-publish","4":"has-post-thumbnail","6":"product_cat-interior","8":"first","9":"outofstock","10":"taxable","11":"shipping-taxable","12":"product-type-simple"},"acf":[],"_links":{"self":[{"href":"https:\/\/plantamadrerosario.com\/tienda\/wp-json\/wp\/v2\/product\/5707","targetHints":{"allow":["GET"]}}],"collection":[{"href":"https:\/\/plantamadrerosario.com\/tienda\/wp-json\/wp\/v2\/product"}],"about":[{"href":"https:\/\/plantamadrerosario.com\/tienda\/wp-json\/wp\/v2\/types\/product"}],"wp:featuredmedia":[{"embeddable":true,"href":"https:\/\/plantamadrerosario.com\/tienda\/wp-json\/wp\/v2\/media\/7472"}],"wp:attachment":[{"href":"https:\/\/plantamadrerosario.com\/tienda\/wp-json\/wp\/v2\/media?parent=5707"}],"wp:term":[{"taxonomy":"product_brand","embeddable":true,"href":"https:\/\/plantamadrerosario.com\/tienda\/wp-json\/wp\/v2\/product_brand?post=5707"},{"taxonomy":"product_cat","embeddable":true,"href":"https:\/\/plantamadrerosario.com\/tienda\/wp-json\/wp\/v2\/product_cat?post=5707"},{"taxonomy":"product_tag","embeddable":true,"href":"https:\/\/plantamadrerosario.com\/tienda\/wp-json\/wp\/v2\/product_tag?post=5707"}],"curies":[{"name":"wp","href":"https:\/\/api.w.org\/{rel}","templated":true}]}}