{"id":5725,"date":"2023-03-23T11:09:35","date_gmt":"2023-03-23T14:09:35","guid":{"rendered":"https:\/\/plantamadrerosario.com\/tienda\/?post_type=product&#038;p=5725"},"modified":"2025-12-05T12:07:41","modified_gmt":"2025-12-05T15:07:41","slug":"philodendron-elegans-chico","status":"publish","type":"product","link":"https:\/\/plantamadrerosario.com\/tienda\/producto\/philodendron-elegans-chico\/","title":{"rendered":"Philodendron Guembe Mediano"},"content":{"rendered":"<p>El <strong><em>Phil<\/em><em><strong>o<\/strong>dendro Guembe<\/em><\/strong> se destaca por sus grandes hojas y por dar a cualquier espacio una aspecto tropical. Su follaje Exuberante, presenta hojas con tonos verdes intensos, de gran tama\u00f1o y de forma irregular. Es de muy bajo mantenimiento. \u00a0Tambi\u00e9n puede servir como filtro para ciertas toxinas y mejorar la calidad general del aire en su hogar.<\/p>\n<p>El Philodendron es bastante f\u00e1cil de cuidar. Les encanta recibir mucha luz brillante, indirecta o filtrada. Mantenga la tierra h\u00fameda regando bien la maceta y permitiendo que se drene el exceso de agua. La superficie debe estar seca al tacto antes del pr\u00f3ximo riego.<\/p>\n<p>Eliminar las hojas enfermas o muertas de la planta es importante no solo para la est\u00e9tica sino tambi\u00e9n para el crecimiento \u00f3ptimo de la planta.<\/p>\n<p>&nbsp;<\/p>\n<ul>\n<li><strong>UBICACI\u00d3N<\/strong> Mejor Bajo luz indirecta moderada a brillante.<\/li>\n<li><strong>SUSTRATO<\/strong> Necesita de suelos bien drenados, no soporta el encharcamiento.<\/li>\n<li><strong>RIEGO<\/strong> Debe regarse cada 3-4 d\u00edas en primavera-verano, mientras que en invierno conviene regarlo una vez cada 7 o 10 dias. Es importante dejar secar el sustrato entre riegos.<\/li>\n<li><strong>TAMA\u00d1O<\/strong> Son plantas de porte peque\u00f1o, por lo general en maceta no supera el metro de altura.<\/li>\n<li><strong>OBSERVACIONES<\/strong> Es recomendable limpiar las hojas con un trapo humedecido con agua de lluvia o filtrada al menos una vez por semana.<\/li>\n<li><strong>Dificultad de cultivo<\/strong> F\u00e1cil de cuidar. <strong><em>Purificadora de aire<\/em><\/strong><\/li>\n<li><strong>Toxicidad<\/strong> T\u00f3xico si se ingiere, la mejor pr\u00e1ctica es mantenerlo fuera del alcance de los ni\u00f1os y las mascotas<\/li>\n<\/ul>\n","protected":false},"excerpt":{"rendered":"<p><strong>Envase <\/strong>Maceta Soplada 3lts<\/p>\n<p><strong>Altura Aproximada <\/strong>50cm<\/p>\n<p><strong>Importante saber<\/strong>: Como las plantas son productos naturales, la forma, el patron y los colores pueden variar.<\/p>\n","protected":false},"featured_media":7997,"template":"","meta":{"_acf_changed":false},"product_brand":[],"product_cat":[21,72],"product_tag":[],"class_list":{"0":"post-5725","1":"product","2":"type-product","3":"status-publish","4":"has-post-thumbnail","6":"product_cat-interior","7":"product_cat-plantas-de-bajo-mantenimiento","9":"first","10":"outofstock","11":"taxable","12":"shipping-taxable","13":"product-type-simple"},"acf":[],"_links":{"self":[{"href":"https:\/\/plantamadrerosario.com\/tienda\/wp-json\/wp\/v2\/product\/5725","targetHints":{"allow":["GET"]}}],"collection":[{"href":"https:\/\/plantamadrerosario.com\/tienda\/wp-json\/wp\/v2\/product"}],"about":[{"href":"https:\/\/plantamadrerosario.com\/tienda\/wp-json\/wp\/v2\/types\/product"}],"wp:featuredmedia":[{"embeddable":true,"href":"https:\/\/plantamadrerosario.com\/tienda\/wp-json\/wp\/v2\/media\/7997"}],"wp:attachment":[{"href":"https:\/\/plantamadrerosario.com\/tienda\/wp-json\/wp\/v2\/media?parent=5725"}],"wp:term":[{"taxonomy":"product_brand","embeddable":true,"href":"https:\/\/plantamadrerosario.com\/tienda\/wp-json\/wp\/v2\/product_brand?post=5725"},{"taxonomy":"product_cat","embeddable":true,"href":"https:\/\/plantamadrerosario.com\/tienda\/wp-json\/wp\/v2\/product_cat?post=5725"},{"taxonomy":"product_tag","embeddable":true,"href":"https:\/\/plantamadrerosario.com\/tienda\/wp-json\/wp\/v2\/product_tag?post=5725"}],"curies":[{"name":"wp","href":"https:\/\/api.w.org\/{rel}","templated":true}]}}