{"id":590,"date":"2021-05-20T01:36:29","date_gmt":"2021-05-20T04:36:29","guid":{"rendered":"https:\/\/plantamadrerosario.com\/tienda\/?post_type=product&#038;p=590"},"modified":"2026-04-16T16:44:22","modified_gmt":"2026-04-16T19:44:22","slug":"compost-organico-25dm","status":"publish","type":"product","link":"https:\/\/plantamadrerosario.com\/tienda\/producto\/compost-organico-25dm\/","title":{"rendered":"Compost Org\u00e1nico  Novo F\u00e9rtil 25dm"},"content":{"rendered":"<p><em><strong>Novo Fertil<\/strong><\/em> Compost Org\u00e1nico<\/p>\n<p>Formulado con resacas, turbas, mantillo, esti\u00e9rcol, lombricompuesto y perlita agr\u00edcola. De alto poder nutritivo y de gran retenci\u00f3n de humedad, que evita el compactado a trav\u00e9s del tiempo.<\/p>\n","protected":false},"excerpt":{"rendered":"<p>Contenido<\/p>\n<p>25dm3<\/p>\n","protected":false},"featured_media":8120,"template":"","meta":{"_acf_changed":false},"product_brand":[],"product_cat":[30],"product_tag":[],"class_list":{"0":"post-590","1":"product","2":"type-product","3":"status-publish","4":"has-post-thumbnail","6":"product_cat-sustratos-organicos-compost-humus-chips-de-corteza-vermiculita-perlitas-leca-plastica","8":"first","9":"instock","10":"taxable","11":"shipping-taxable","12":"purchasable","13":"product-type-simple"},"acf":[],"_links":{"self":[{"href":"https:\/\/plantamadrerosario.com\/tienda\/wp-json\/wp\/v2\/product\/590","targetHints":{"allow":["GET"]}}],"collection":[{"href":"https:\/\/plantamadrerosario.com\/tienda\/wp-json\/wp\/v2\/product"}],"about":[{"href":"https:\/\/plantamadrerosario.com\/tienda\/wp-json\/wp\/v2\/types\/product"}],"wp:featuredmedia":[{"embeddable":true,"href":"https:\/\/plantamadrerosario.com\/tienda\/wp-json\/wp\/v2\/media\/8120"}],"wp:attachment":[{"href":"https:\/\/plantamadrerosario.com\/tienda\/wp-json\/wp\/v2\/media?parent=590"}],"wp:term":[{"taxonomy":"product_brand","embeddable":true,"href":"https:\/\/plantamadrerosario.com\/tienda\/wp-json\/wp\/v2\/product_brand?post=590"},{"taxonomy":"product_cat","embeddable":true,"href":"https:\/\/plantamadrerosario.com\/tienda\/wp-json\/wp\/v2\/product_cat?post=590"},{"taxonomy":"product_tag","embeddable":true,"href":"https:\/\/plantamadrerosario.com\/tienda\/wp-json\/wp\/v2\/product_tag?post=590"}],"curies":[{"name":"wp","href":"https:\/\/api.w.org\/{rel}","templated":true}]}}