{"id":592,"date":"2021-05-20T01:43:54","date_gmt":"2021-05-20T04:43:54","guid":{"rendered":"https:\/\/plantamadrerosario.com\/tienda\/?post_type=product&#038;p=592"},"modified":"2025-09-14T12:13:12","modified_gmt":"2025-09-14T15:13:12","slug":"humus-de-lombriz-6-5dm-lombrico","status":"publish","type":"product","link":"https:\/\/plantamadrerosario.com\/tienda\/producto\/humus-de-lombriz-6-5dm-lombrico\/","title":{"rendered":"Humus de Lombriz 6.5dm. Premium Lombrico"},"content":{"rendered":"<p><strong>Humus de Lombriz 100% Natural y Ecol\u00f3gico.<\/strong><\/p>\n<p>Fertilizante Org\u00e1nico con mayor cantidad de Calcio, Potasio, F\u00f3sforo y otros minerales que mejoran y recuperan las propiedades de todo tipo de suelos, salitrosos, \u00e1cidos y alcalinos entre otros.<\/p>\n<p>Producto Tamizado y sellado en envase de 6,50 dm3 para conservar las mejores condiciones de humedad y calidad del Humus.<\/p>\n","protected":false},"excerpt":{"rendered":"<p>Contenido<\/p>\n<p>6.5dm<\/p>\n","protected":false},"featured_media":581,"template":"","meta":{"_acf_changed":false},"product_brand":[],"product_cat":[56,69],"product_tag":[],"class_list":{"0":"post-592","1":"product","2":"type-product","3":"status-publish","4":"has-post-thumbnail","6":"product_cat-control-de-plagas","7":"product_cat-fertilizantes","9":"first","10":"instock","11":"taxable","12":"shipping-taxable","13":"purchasable","14":"product-type-simple"},"acf":[],"_links":{"self":[{"href":"https:\/\/plantamadrerosario.com\/tienda\/wp-json\/wp\/v2\/product\/592","targetHints":{"allow":["GET"]}}],"collection":[{"href":"https:\/\/plantamadrerosario.com\/tienda\/wp-json\/wp\/v2\/product"}],"about":[{"href":"https:\/\/plantamadrerosario.com\/tienda\/wp-json\/wp\/v2\/types\/product"}],"wp:featuredmedia":[{"embeddable":true,"href":"https:\/\/plantamadrerosario.com\/tienda\/wp-json\/wp\/v2\/media\/581"}],"wp:attachment":[{"href":"https:\/\/plantamadrerosario.com\/tienda\/wp-json\/wp\/v2\/media?parent=592"}],"wp:term":[{"taxonomy":"product_brand","embeddable":true,"href":"https:\/\/plantamadrerosario.com\/tienda\/wp-json\/wp\/v2\/product_brand?post=592"},{"taxonomy":"product_cat","embeddable":true,"href":"https:\/\/plantamadrerosario.com\/tienda\/wp-json\/wp\/v2\/product_cat?post=592"},{"taxonomy":"product_tag","embeddable":true,"href":"https:\/\/plantamadrerosario.com\/tienda\/wp-json\/wp\/v2\/product_tag?post=592"}],"curies":[{"name":"wp","href":"https:\/\/api.w.org\/{rel}","templated":true}]}}