{"id":5921,"date":"2023-04-12T23:10:40","date_gmt":"2023-04-13T02:10:40","guid":{"rendered":"https:\/\/plantamadrerosario.com\/tienda\/?post_type=product&#038;p=5921"},"modified":"2024-10-11T17:26:47","modified_gmt":"2024-10-11T20:26:47","slug":"aglaonema-silver-queen","status":"publish","type":"product","link":"https:\/\/plantamadrerosario.com\/tienda\/producto\/aglaonema-silver-queen\/","title":{"rendered":"Aglaonema Silver Queen"},"content":{"rendered":"<p>Es una planta f\u00e1cil de cultivar y cuidar. Originaria de Asia, tolera casi cualquier condici\u00f3n de interior. Las hojas m\u00e1s grandes vienen con patrones \u00fanicos que funcionan con todo tipo de macetas y muebles.<\/p>\n<p><strong>Luz <\/strong>Prosperar\u00e1n con luz indirecta baja a brillante. Sin embargo, las diferentes variedades tienen necesidades de luz ligeramente diferentes y, en general, cuanto m\u00e1s oscuras son las hojas y el tallo, m\u00e1s tolerante es la planta a la poca luz. Para todas las variedades, evite el pleno sol, que puede quemar las hojas.<\/p>\n<p><strong>Agua <\/strong>Riegue bien, luego deje que los 5cm superiores de tierra se sequen antes de volver a regar. En condiciones de poca luz y en epoca de frio, deje que el suelo se seque entre riegos.<\/p>\n<p><strong>Humedad <\/strong>Elevada<\/p>\n<p><strong>Nivel de Dificultad <\/strong>Baja<\/p>\n<p>&nbsp;<\/p>\n","protected":false},"excerpt":{"rendered":"<p><strong>Envase<\/strong><\/p>\n<p>Maceta plastica: 14cm de di\u00e1metro<\/p>\n<p><strong>Importante Saber<\/strong>: Como las plantas son productos naturales, el color, el patron y las forma pueden variar.<\/p>\n","protected":false},"featured_media":7551,"template":"","meta":{"_acf_changed":false},"product_brand":[],"product_cat":[21],"product_tag":[],"class_list":{"0":"post-5921","1":"product","2":"type-product","3":"status-publish","4":"has-post-thumbnail","6":"product_cat-interior","8":"first","9":"outofstock","10":"taxable","11":"shipping-taxable","12":"purchasable","13":"product-type-simple"},"acf":[],"_links":{"self":[{"href":"https:\/\/plantamadrerosario.com\/tienda\/wp-json\/wp\/v2\/product\/5921","targetHints":{"allow":["GET"]}}],"collection":[{"href":"https:\/\/plantamadrerosario.com\/tienda\/wp-json\/wp\/v2\/product"}],"about":[{"href":"https:\/\/plantamadrerosario.com\/tienda\/wp-json\/wp\/v2\/types\/product"}],"wp:featuredmedia":[{"embeddable":true,"href":"https:\/\/plantamadrerosario.com\/tienda\/wp-json\/wp\/v2\/media\/7551"}],"wp:attachment":[{"href":"https:\/\/plantamadrerosario.com\/tienda\/wp-json\/wp\/v2\/media?parent=5921"}],"wp:term":[{"taxonomy":"product_brand","embeddable":true,"href":"https:\/\/plantamadrerosario.com\/tienda\/wp-json\/wp\/v2\/product_brand?post=5921"},{"taxonomy":"product_cat","embeddable":true,"href":"https:\/\/plantamadrerosario.com\/tienda\/wp-json\/wp\/v2\/product_cat?post=5921"},{"taxonomy":"product_tag","embeddable":true,"href":"https:\/\/plantamadrerosario.com\/tienda\/wp-json\/wp\/v2\/product_tag?post=5921"}],"curies":[{"name":"wp","href":"https:\/\/api.w.org\/{rel}","templated":true}]}}