{"id":6410,"date":"2023-07-11T17:15:11","date_gmt":"2023-07-11T20:15:11","guid":{"rendered":"https:\/\/plantamadrerosario.com\/tienda\/?post_type=product&#038;p=6410"},"modified":"2025-12-05T12:03:54","modified_gmt":"2025-12-05T15:03:54","slug":"ficus-elastica-rubi-chico","status":"publish","type":"product","link":"https:\/\/plantamadrerosario.com\/tienda\/producto\/ficus-elastica-rubi-chico\/","title":{"rendered":"Ficus Elastica Variegado &#8220;Baby&#8221; \u00a1Tu hogar se merece una joya natural!"},"content":{"rendered":"<p>\u00a1Dale la bienvenida a tu vida a esta maravilla bot\u00e1nica! Te presentamos al impresionante Ficus El\u00e1stica Variegado, una planta con una belleza \u00fanica que transformar\u00e1 cualquier rinc\u00f3n de tu hogar. Sus hojas grandes y brillantes, con un patr\u00f3n de color cremoso, verde y rosado, crean una explosi\u00f3n de luz y vida que captura todas las miradas. \u2728 Sus cuidados son tan sencillos que cualquier persona podr\u00e1 disfrutar de su compa\u00f1\u00eda. \ud83e\udeb4<\/p>\n<p>Cuidados b\u00e1sicos:<\/p>\n<p>* Luz: Amante de la luz indirecta brillante. Colocala cerca de una ventana. Puede recibir sol directo, evitando el sol mas fuerte del d\u00eda.<br \/>\n* Riego: Espera a que el sustrato est\u00e9 seco antes de volver a regar. Procura no excederte, pues un exceso de agua puede da\u00f1arla. Es mejor pecar por falta de agua que por exceso.<br \/>\n* Humedad: Disfruta de una humedad ambiental alta, as\u00ed que puedes rociar sus hojas con agua un par de veces por semana.<br \/>\n* Temperatura: Prefiere climas c\u00e1lidos, entre 18\u00b0C y 25\u00b0C.<\/p>\n<p>\u00bfSab\u00edas que&#8230;<br \/>\n* Purificadora del aire: El Ficus El\u00e1stica es una planta purificadora del aire, capaz de eliminar toxinas como el formaldeh\u00eddo, el benceno y el tricloroetileno. Un estudio de la NASA sobre aire limpio lo catalog\u00f3 como una de las mejores plantas para este prop\u00f3sito, ayudando a crear un ambiente m\u00e1s sano para toda la familia. \ud83c\udf2c\ufe0f [Fuente: NASA Clean Air Study, 1989]<\/p>\n<p>* Amiga de tu mascota: Es importante saber que, si bien esta planta no es mortal para los animales, su savia puede ser irritante si se ingiere, causando malestar estomacal o irritaci\u00f3n en la piel y mucosas. Por esto, si tienes mascotas, lo mejor es colocarla en un lugar fuera de su alcance. \u26a0\ufe0f [Fuente: ASPCA Animal Poison Control Center]<\/p>\n<p>\u00a1No esperes m\u00e1s y a\u00f1ade esta belleza a tu colecci\u00f3n! El Ficus El\u00e1stica Variegado es la planta ideal para dar un toque de elegancia, naturalidad y pureza a tu espacio vital. \ud83d\udc9a<\/p>\n","protected":false},"excerpt":{"rendered":"<p><strong>Altura\/longitud de la planta<\/strong>\u00a0 Alrededor de 40cm.<\/p>\n<p><strong>Envase <\/strong>Maceta pl\u00e1stica 15cm<\/p>\n<p><strong>Importante saber<\/strong>: Como las plantas son productos naturales, la forma, el patron y los colores pueden variar.<\/p>\n","protected":false},"featured_media":8527,"template":"","meta":{"_acf_changed":false},"product_brand":[],"product_cat":[21,72,74],"product_tag":[],"class_list":{"0":"post-6410","1":"product","2":"type-product","3":"status-publish","4":"has-post-thumbnail","6":"product_cat-interior","7":"product_cat-plantas-de-bajo-mantenimiento","8":"product_cat-plantas-purificadoras","10":"first","11":"outofstock","12":"taxable","13":"shipping-taxable","14":"purchasable","15":"product-type-simple"},"acf":[],"_links":{"self":[{"href":"https:\/\/plantamadrerosario.com\/tienda\/wp-json\/wp\/v2\/product\/6410","targetHints":{"allow":["GET"]}}],"collection":[{"href":"https:\/\/plantamadrerosario.com\/tienda\/wp-json\/wp\/v2\/product"}],"about":[{"href":"https:\/\/plantamadrerosario.com\/tienda\/wp-json\/wp\/v2\/types\/product"}],"wp:featuredmedia":[{"embeddable":true,"href":"https:\/\/plantamadrerosario.com\/tienda\/wp-json\/wp\/v2\/media\/8527"}],"wp:attachment":[{"href":"https:\/\/plantamadrerosario.com\/tienda\/wp-json\/wp\/v2\/media?parent=6410"}],"wp:term":[{"taxonomy":"product_brand","embeddable":true,"href":"https:\/\/plantamadrerosario.com\/tienda\/wp-json\/wp\/v2\/product_brand?post=6410"},{"taxonomy":"product_cat","embeddable":true,"href":"https:\/\/plantamadrerosario.com\/tienda\/wp-json\/wp\/v2\/product_cat?post=6410"},{"taxonomy":"product_tag","embeddable":true,"href":"https:\/\/plantamadrerosario.com\/tienda\/wp-json\/wp\/v2\/product_tag?post=6410"}],"curies":[{"name":"wp","href":"https:\/\/api.w.org\/{rel}","templated":true}]}}