{"id":7307,"date":"2024-03-09T21:59:14","date_gmt":"2024-03-10T00:59:14","guid":{"rendered":"https:\/\/plantamadrerosario.com\/tienda\/?post_type=product&#038;p=7307"},"modified":"2025-09-14T13:05:21","modified_gmt":"2025-09-14T16:05:21","slug":"bio-mamboreta-smarter-fertilizante-organico-anti-estres-250cm3","status":"publish","type":"product","link":"https:\/\/plantamadrerosario.com\/tienda\/producto\/bio-mamboreta-smarter-fertilizante-organico-anti-estres-250cm3\/","title":{"rendered":"Bio Mamboret\u00e1 SMARTER Fertilizante Org\u00e1nico Anti Estr\u00e9s 250CM3"},"content":{"rendered":"<div id=\"r721\" class=\"w-tabs-section active\">\n<div id=\"content-r721\" class=\"w-tabs-section-content\">\n<div class=\"w-tabs-section-content-h i-cf\">\n<div class=\"wpb_text_column\">\n<div class=\"wpb_wrapper\">\n<ul>\n<li>ECOL\u00d3GICO y ORGANICO 100% CERTIFICADO.<\/li>\n<li>Bio\u00a0<strong>Mamboret\u00e1<\/strong>\u00a0<strong>Smarter\u00a0<\/strong>es un fertilizante\u00a0que ha recibido gran aceptaci\u00f3n por parte de ARGENCERT como apto para la agricultura org\u00e1nica, seg\u00fan la norma de SENASA compatible con la Uni\u00f3n Europea.<\/li>\n<li>Se entiende por \u201corg\u00e1nico\u201d, \u201cecol\u00f3gico\u201d o \u201cbiol\u00f3gico\u201d, en adelante \u201corg\u00e1nico\u201d, a todo sistema de producci\u00f3n sustentable en el tiempo, que mediante el manejo racional de los recursos naturales, sin la utilizaci\u00f3n de productos de s\u00edntesis qu\u00edmica, brinde alimentos sanos y abundantes, mantenga o incremente la fertilidad del suelo y la diversidad biol\u00f3gica y que asimismo, permita la f\u00e1cil y clara identificaci\u00f3n por parte de los consumidores sobre las caracter\u00edsticas se\u00f1aladas, a trav\u00e9s de un sistema de certificaci\u00f3n que las garantice.<\/li>\n<\/ul>\n<\/div>\n<\/div>\n<\/div>\n<\/div>\n<\/div>\n<div id=\"z2df\" class=\"w-tabs-section active\"><button class=\"w-tabs-section-header active with_icon\" aria-controls=\"content-z2df\" aria-expanded=\"true\"><span style=\"background-color: #ffffff; color: #333333; font-family: 'Source Sans Pro', HelveticaNeue-Light, 'Helvetica Neue Light', 'Helvetica Neue', Helvetica, Arial, 'Lucida Grande', sans-serif; font-size: 16px;\">Bio <\/span><strong style=\"background-color: #ffffff; color: #333333; font-family: 'Source Sans Pro', HelveticaNeue-Light, 'Helvetica Neue Light', 'Helvetica Neue', Helvetica, Arial, 'Lucida Grande', sans-serif; font-size: 16px;\">Mamboret\u00e1\u00a0SMARTER<\/strong><\/button><\/p>\n<div id=\"content-z2df\" class=\"w-tabs-section-content\">\n<div class=\"w-tabs-section-content-h i-cf\">\n<div class=\"w-post-elm post_content\">\n<p>Es un fertilizante l\u00edquido 100% org\u00e1nico de origen vegetal.<\/p>\n<p>Es una soluci\u00f3n nutritiva completa, aporta todos los nutrientes necesarios, macro y micro nutrientes con una cantidad de amino\u00e1cidos de origen vegetal para las plantas; complementa la fertilizaci\u00f3n realizada al suelo y corrige diferencias espec\u00edficas en el mismo proceso de crecimiento del cultivo.<\/p>\n<p>Los componentes org\u00e1nicos de\u00a0Bio\u00a0<strong>Mamboret\u00e1<\/strong><strong>\u00a0SMARTER<\/strong>\u00a0ponen en marcha el Proceso Bioefectivo, generando un balance natural de los nutrientes que la planta necesita; logrando un mayor rendimiento de los cultivos y una mejora sostenida de los suelos en el tiempo.<\/p>\n<p>&nbsp;<\/p>\n<p>&nbsp;<\/p>\n<p><strong>\u00bfQu\u00e9 es el Proceso Bioefectivo?\u00a0<\/strong><\/p>\n<p>Los nutrientes naturales que aporta\u00a0Bio\u00a0<strong>Mamboret\u00e1<\/strong><strong>\u00a0SMARTER<\/strong>\u00a0generan un Proceso Bio efectivo natural que acciona sobre los 3 tipos de microorganismos beneficiosos para las plantas:<br \/>\n\u2022 Los fertilizantes que nutren a la planta de f\u00f3sforo y nitr\u00f3geno.<br \/>\n\u2022 Los Biocontrolantes que ayudan al crecimiento, previniendo acciones pat\u00f3genas.<br \/>\n\u2022 Y los de crecimiento Biol\u00f3gico que act\u00faan en el crecimiento mismo de la planta.<\/p>\n<p>&nbsp;<\/p>\n<p>El fertilizante Bio <strong>Mamboret\u00e1<\/strong><strong>\u00a0SMARTER<\/strong>\u00a0ha recibido la aceptaci\u00f3n por parte de\u00a0<strong>ARGENCERT<\/strong>, como Apto para la agricultura org\u00e1nica; seg\u00fan Norma de\u00a0<strong>SENASA<\/strong>, compatible con La Uni\u00f3n Europea.<\/p>\n<\/div>\n<\/div>\n<\/div>\n<\/div>\n","protected":false},"excerpt":{"rendered":"<p><strong>DOSIS PROMEDIO: <\/strong>1 \u00bd medida \u00f3 15 cm3 por litro de agua.<br \/>\n<strong>APLICACIONES:\u00a0<\/strong>Se recomienda un m\u00ednimo de 3 aplicaciones para obtener la mejor respuesta. A mayor cantidad de aplicaciones, mejora el resultado.<br \/>\n<strong>PRESENTACI\u00d3N:<\/strong>\u00a0Frascos de 250 cm3.<br \/>\n<strong>CARENCIA:\u00a0<\/strong>No presenta periodo de carencia.<br \/>\n<strong>CARACTER\u00cdSTICAS:<br \/>\n\u2022 Fertilizante liquido 100% org\u00e1nico.<br \/>\n\u2022 Origen vegetal.<\/strong><\/p>\n","protected":false},"featured_media":7308,"template":"","meta":{"_acf_changed":false},"product_brand":[],"product_cat":[56,69],"product_tag":[],"class_list":{"0":"post-7307","1":"product","2":"type-product","3":"status-publish","4":"has-post-thumbnail","6":"product_cat-control-de-plagas","7":"product_cat-fertilizantes","9":"first","10":"instock","11":"taxable","12":"shipping-taxable","13":"purchasable","14":"product-type-simple"},"acf":[],"_links":{"self":[{"href":"https:\/\/plantamadrerosario.com\/tienda\/wp-json\/wp\/v2\/product\/7307","targetHints":{"allow":["GET"]}}],"collection":[{"href":"https:\/\/plantamadrerosario.com\/tienda\/wp-json\/wp\/v2\/product"}],"about":[{"href":"https:\/\/plantamadrerosario.com\/tienda\/wp-json\/wp\/v2\/types\/product"}],"wp:featuredmedia":[{"embeddable":true,"href":"https:\/\/plantamadrerosario.com\/tienda\/wp-json\/wp\/v2\/media\/7308"}],"wp:attachment":[{"href":"https:\/\/plantamadrerosario.com\/tienda\/wp-json\/wp\/v2\/media?parent=7307"}],"wp:term":[{"taxonomy":"product_brand","embeddable":true,"href":"https:\/\/plantamadrerosario.com\/tienda\/wp-json\/wp\/v2\/product_brand?post=7307"},{"taxonomy":"product_cat","embeddable":true,"href":"https:\/\/plantamadrerosario.com\/tienda\/wp-json\/wp\/v2\/product_cat?post=7307"},{"taxonomy":"product_tag","embeddable":true,"href":"https:\/\/plantamadrerosario.com\/tienda\/wp-json\/wp\/v2\/product_tag?post=7307"}],"curies":[{"name":"wp","href":"https:\/\/api.w.org\/{rel}","templated":true}]}}