{"id":7309,"date":"2024-03-09T22:13:57","date_gmt":"2024-03-10T01:13:57","guid":{"rendered":"https:\/\/plantamadrerosario.com\/tienda\/?post_type=product&#038;p=7309"},"modified":"2025-09-14T13:04:43","modified_gmt":"2025-09-14T16:04:43","slug":"bio-mamboreta-amino-znb-fertilizante","status":"publish","type":"product","link":"https:\/\/plantamadrerosario.com\/tienda\/producto\/bio-mamboreta-amino-znb-fertilizante\/","title":{"rendered":"Bio Mamboret\u00e1 AMINO ZnB Fertilizante"},"content":{"rendered":"<div id=\"v582\" class=\"w-tabs-section active\">\n<div id=\"content-v582\" class=\"w-tabs-section-content\">\n<div class=\"w-tabs-section-content-h i-cf\">\n<div class=\"wpb_text_column\">\n<div class=\"wpb_wrapper\">\n<ul>\n<li>Alto contenido de amino\u00e1cidos.<\/li>\n<li>Origen vegetal.<\/li>\n<li>R\u00e1pida acci\u00f3n.<\/li>\n<li>Producto org\u00e1nico<\/li>\n<li>Elaborado a base de extractos de algas del pacifico<\/li>\n<li>Aporta nitr\u00f3geno, zinc, boro y azufre.<\/li>\n<li>Favorece el desarrollo de flores y frutos<\/li>\n<li>Aporte de amino\u00e1cidos, elementos esenciales para el desarrollo de la planta<\/li>\n<\/ul>\n<\/div>\n<\/div>\n<\/div>\n<\/div>\n<\/div>\n<div id=\"b9a4\" class=\"w-tabs-section active\">\n<div id=\"content-b9a4\" class=\"w-tabs-section-content\">\n<div class=\"w-tabs-section-content-h i-cf\">\n<div class=\"w-post-elm post_content\">\n<p>Es un fertilizante de\u00a0<strong>origen org\u00e1nico<\/strong>\u00a0que contiene\u00a0<strong>extractos de vegetales<\/strong>\u00a0que son fuentes de\u00a0<strong>amino\u00e1cidos, p\u00e9ptido y polip\u00e9ptidos.<\/strong>\u00a0Su alta concentraci\u00f3n de Amino\u00e1cidos\u00a0<strong>ayuda a regular los procesos de germinaci\u00f3n, brotaci\u00f3n, floraci\u00f3n y desarrollo de vegetales.<\/strong><\/p>\n<p>El uso para la fertilizaci\u00f3n<strong>\u00a0foliar<\/strong>, es\u00a0<strong>particularmente ventajoso<\/strong>\u00a0en aquellos\u00a0<strong>cultivos con amplio desarrollo foliar\u00a0<\/strong>y les aporta un grado\u00a0<strong>mayor de resistencia a heladas y sequias<\/strong>\u00a0<em>(anti estr\u00e9s).<\/em><\/p>\n<h3><u>BENEFICIOS DE LOS AMINOACIDOS<\/u><\/h3>\n<ul>\n<li>Aumentan la floraci\u00f3n<\/li>\n<li>Incrementan el peso y sabor de los frutos<\/li>\n<li>Potencian la absorci\u00f3n de nutrientes<\/li>\n<li>Aceleran la recuperaci\u00f3n de las plantas sometidas a condiciones adversas<\/li>\n<li>R\u00e1pida asimilaci\u00f3n<\/li>\n<li>Acci\u00f3n inmediata<\/li>\n<li>Aprovechamiento total<\/li>\n<li>Ahorro para la planta<\/li>\n<\/ul>\n<\/div>\n<\/div>\n<\/div>\n<\/div>\n","protected":false},"excerpt":{"rendered":"<ul>\n<li><strong>Dosis promedio:<\/strong>\u00a06,5 ml por litro de agua<\/li>\n<li><strong>Tratamiento:<\/strong>\u00a0Aplicar por pulverizaci\u00f3n con intervalos de 7 a 10 d\u00edas; en cualquier etapa\u00a0<em>(germinaci\u00f3n, trasplante, vegetaci\u00f3n, floraci\u00f3n, brotaci\u00f3n y desarrollo vegetal)<\/em><\/li>\n<li><strong>Presentaci\u00f3n:<\/strong>\u00a0100 cm3<\/li>\n<li><strong>Carencia:<\/strong>\u00a0No presenta.\u00a0<em>Depende del producto con el que se lo aplique.<\/em><\/li>\n<\/ul>\n","protected":false},"featured_media":7310,"template":"","meta":{"_acf_changed":false},"product_brand":[],"product_cat":[56,69],"product_tag":[],"class_list":{"0":"post-7309","1":"product","2":"type-product","3":"status-publish","4":"has-post-thumbnail","6":"product_cat-control-de-plagas","7":"product_cat-fertilizantes","9":"first","10":"instock","11":"taxable","12":"shipping-taxable","13":"purchasable","14":"product-type-simple"},"acf":[],"_links":{"self":[{"href":"https:\/\/plantamadrerosario.com\/tienda\/wp-json\/wp\/v2\/product\/7309","targetHints":{"allow":["GET"]}}],"collection":[{"href":"https:\/\/plantamadrerosario.com\/tienda\/wp-json\/wp\/v2\/product"}],"about":[{"href":"https:\/\/plantamadrerosario.com\/tienda\/wp-json\/wp\/v2\/types\/product"}],"wp:featuredmedia":[{"embeddable":true,"href":"https:\/\/plantamadrerosario.com\/tienda\/wp-json\/wp\/v2\/media\/7310"}],"wp:attachment":[{"href":"https:\/\/plantamadrerosario.com\/tienda\/wp-json\/wp\/v2\/media?parent=7309"}],"wp:term":[{"taxonomy":"product_brand","embeddable":true,"href":"https:\/\/plantamadrerosario.com\/tienda\/wp-json\/wp\/v2\/product_brand?post=7309"},{"taxonomy":"product_cat","embeddable":true,"href":"https:\/\/plantamadrerosario.com\/tienda\/wp-json\/wp\/v2\/product_cat?post=7309"},{"taxonomy":"product_tag","embeddable":true,"href":"https:\/\/plantamadrerosario.com\/tienda\/wp-json\/wp\/v2\/product_tag?post=7309"}],"curies":[{"name":"wp","href":"https:\/\/api.w.org\/{rel}","templated":true}]}}