{"id":7311,"date":"2024-03-09T22:21:50","date_gmt":"2024-03-10T01:21:50","guid":{"rendered":"https:\/\/plantamadrerosario.com\/tienda\/?post_type=product&#038;p=7311"},"modified":"2025-05-06T20:20:55","modified_gmt":"2025-05-06T23:20:55","slug":"biotrap-fungicida-y-fertilizante","status":"publish","type":"product","link":"https:\/\/plantamadrerosario.com\/tienda\/producto\/biotrap-fungicida-y-fertilizante\/","title":{"rendered":"BIOTRAP Fungicida y Fertilizante"},"content":{"rendered":"<ul>\n<li>Producto\u00a0<strong>org\u00e1nico.<\/strong>\u00a0Apto para el cultivo org\u00e1nico.<\/li>\n<li>Totalmente\u00a0<strong>biodegradable y origen natural<\/strong>.<\/li>\n<li>Cepa del\u00a0<strong>INTA<\/strong>. Cepa local,<strong>\u00a0adaptada a al ecosistema nativo<\/strong>, logrando mayor competencia con hongos pat\u00f3genos locales.<\/li>\n<li>Producto\u00a0<strong>liofilizado<\/strong>, lo que genera\u00a0<strong>mayor vida \u00fatil del producto<\/strong>\u00a0y evita contaminaciones del mismo.<\/li>\n<li>Se puede almacenar en heladera, aumentando su vida \u00fatil.<\/li>\n<li>Recomendado para\u00a0<strong>aplicaciones foliares.<\/strong><\/li>\n<li><strong>No da\u00f1a<\/strong>\u00a0a la\u00a0<strong>fauna ben\u00e9fica.<\/strong><\/li>\n<li>No es fitot\u00f3xico.<\/li>\n<\/ul>\n<p>El uso de\u00a0<strong>BIOTRAP<\/strong>\u00a0<em>bacillus spp.<\/em>\u00a0es una de las\u00a0<strong>tecnolog\u00edas m\u00e1s innovadoras de producci\u00f3n,<\/strong>\u00a0basada en la\u00a0<strong>utilizaci\u00f3n de microorganismos para prevenir y\/o controlar enfermedades<\/strong>\u00a0que afectan nuestros cultivos; es un\u00a0<strong>producto biol\u00f3gico<\/strong>\u00a0cuya principal actividad es la de agente de\u00a0<strong>bio-control de enfermedades f\u00fangicas.<\/strong><\/p>\n<p>Es tambi\u00e9n\u00a0<strong>promotor del crecimiento<\/strong>\u00a0de plantas (PGPR) tanto de la parte a\u00e9rea como radicular,\u00a0<strong>logrando un sistema radicular m\u00e1s vigoroso<\/strong>\u00a0que conduce a una\u00a0<strong>mejor absorci\u00f3n de agua y nutrientes<\/strong>, esta estimulaci\u00f3n sumada al\u00a0<strong>efecto antif\u00fangico<\/strong>\u00a0ofrece una mayor resistencia frente a las enfermedades.<\/p>\n<div id=\"zd49\" class=\"w-tabs-section active\">\n<div id=\"content-zd49\" class=\"w-tabs-section-content\">\n<div class=\"w-tabs-section-content-h i-cf\">\n<div class=\"w-post-elm post_content\">\n<h3>Modo de acci\u00f3n<\/h3>\n<p>La bacteria del genero\u00a0<em>bacillus spp.<\/em>\u00a0act\u00faa por diferentes mecanismos:<\/p>\n<ul>\n<li>Competencia por sustrato en la rizosfera con los pat\u00f3genos que afectan las plantas.<\/li>\n<li>Antibiosis generando un efecto toxico sobre pat\u00f3genos.<\/li>\n<li>Lipop\u00e9ptidos presentes en la formulaci\u00f3n que act\u00faan sin\u00e9rgicamente y destruyen las paredes celulares de los pat\u00f3genos ocasionando su muerte.<\/li>\n<li>Estimulando la absorci\u00f3n de nutrientes.<\/li>\n<li>Induciendo capacidad de Resistencia Sist\u00e9mica Adquirida (SAR) de la planta a enfermedades y pat\u00f3genos.<\/li>\n<\/ul>\n<\/div>\n<\/div>\n<\/div>\n<\/div>\n<div><\/div>\n<div class=\"w-tabs-section no_indents active\">Este producto controla, soluciona y previene las siguientes enfermedades: Alternaria, Sclerotinia, Oidio, Rhizoctonia, Phythium, Fusarium, Phytophthora, Botrytis, Aspergillus y otros pat\u00f3genos.<\/div>\n","protected":false},"excerpt":{"rendered":"<ul>\n<li>Principio activo:\u00a0<em>bacillus subtilis subesp. pumilus<\/em>, cepa B235\u00a0<strong>INTA<\/strong>\u00a0(1\u00d710<sup>9<\/sup>\u00a0bacterias\/gr)<\/li>\n<li>Dosis promedio: 2 grs. o 3 medidas por litro de\u00a0<strong>agua libre de cloro<\/strong>, de forma foliar.<\/li>\n<li>Tratamiento: realizar aplicaciones cada\u00a0<strong>10 a 15 d\u00edas<\/strong>, para la\u00a0<strong>prevenci\u00f3n<\/strong>\u00a0de la aparici\u00f3n\u00a0<strong>de enfermedades<\/strong>\u00a0y\u00a0<strong>promover el crecimiento de la planta.<\/strong><\/li>\n<li>Controla: Alternaria, Sclerotinia, Oidio, Rhizoctonia, Phythium, Fusarium, Phytophthora, Botrytis, Aspergillus y otros\u00a0<strong>hongos foliares.<\/strong><\/li>\n<li>Presentaci\u00f3n: 30 grs.<\/li>\n<li>Carencia:\u00a0<strong>No presenta.<\/strong><\/li>\n<\/ul>\n","protected":false},"featured_media":7312,"template":"","meta":{"_acf_changed":false},"product_brand":[],"product_cat":[69],"product_tag":[],"class_list":{"0":"post-7311","1":"product","2":"type-product","3":"status-publish","4":"has-post-thumbnail","6":"product_cat-fertilizantes","8":"first","9":"instock","10":"taxable","11":"shipping-taxable","12":"purchasable","13":"product-type-simple"},"acf":[],"_links":{"self":[{"href":"https:\/\/plantamadrerosario.com\/tienda\/wp-json\/wp\/v2\/product\/7311","targetHints":{"allow":["GET"]}}],"collection":[{"href":"https:\/\/plantamadrerosario.com\/tienda\/wp-json\/wp\/v2\/product"}],"about":[{"href":"https:\/\/plantamadrerosario.com\/tienda\/wp-json\/wp\/v2\/types\/product"}],"wp:featuredmedia":[{"embeddable":true,"href":"https:\/\/plantamadrerosario.com\/tienda\/wp-json\/wp\/v2\/media\/7312"}],"wp:attachment":[{"href":"https:\/\/plantamadrerosario.com\/tienda\/wp-json\/wp\/v2\/media?parent=7311"}],"wp:term":[{"taxonomy":"product_brand","embeddable":true,"href":"https:\/\/plantamadrerosario.com\/tienda\/wp-json\/wp\/v2\/product_brand?post=7311"},{"taxonomy":"product_cat","embeddable":true,"href":"https:\/\/plantamadrerosario.com\/tienda\/wp-json\/wp\/v2\/product_cat?post=7311"},{"taxonomy":"product_tag","embeddable":true,"href":"https:\/\/plantamadrerosario.com\/tienda\/wp-json\/wp\/v2\/product_tag?post=7311"}],"curies":[{"name":"wp","href":"https:\/\/api.w.org\/{rel}","templated":true}]}}