{"id":7319,"date":"2024-03-09T22:59:18","date_gmt":"2024-03-10T01:59:18","guid":{"rendered":"https:\/\/plantamadrerosario.com\/tienda\/?post_type=product&#038;p=7319"},"modified":"2025-09-14T13:02:09","modified_gmt":"2025-09-14T16:02:09","slug":"mamboreta-aba-acaricida-e-insecticida","status":"publish","type":"product","link":"https:\/\/plantamadrerosario.com\/tienda\/producto\/mamboreta-aba-acaricida-e-insecticida\/","title":{"rendered":"Mamboret\u00e1 ABA Acaricida e Insecticida"},"content":{"rendered":"<ul>\n<li>Mamboret\u00e1\u00a0<strong>ABA<\/strong>\u00a0contiene un Ingrediente activo de origen natural (es producto de la fermentaci\u00f3n natural del microorganismo del suelo Streptomyces avermitilis)-<\/li>\n<li>Respeta a los insectos ben\u00e9ficos.<\/li>\n<li>No fitot\u00f3xico.<\/li>\n<li>Corto periodo de carencia.<\/li>\n<li>Menos t\u00f3xico que el jab\u00f3n pot\u00e1sico.<\/li>\n<li>Menos t\u00f3xico que el aceite de neem.<\/li>\n<li>Muy resistente a lluvias o riego<strong>.<\/strong>\u00a0Otorga acci\u00f3n residual, ya que se retiene en el interior de las hojas, conservando su protecci\u00f3n por m\u00e1s tiempo.<\/li>\n<li>El Modo de Acci\u00f3n de\u00a0Mamboret\u00e1\u00a0<strong>ABA<\/strong>\u00a0es \u00fanico, ya que se moviliza en forma translaminar, inhibiendo r\u00e1pidamente el da\u00f1o producido por los insectos.<\/li>\n<\/ul>\n<p>El<strong>\u00a0 acaricida insecticida\u00a0Mamboret\u00e1\u00a0ABA<\/strong>\u00a0es de origen natural y act\u00faa por contacto directo e ingesti\u00f3n y es de movimiento translaminar. Act\u00faa en forma curativa y preventiva. Controla \u00e1caros e insectos (estados adultos e inmaduros). Es de acci\u00f3n lenta y, si bien los insectos despu\u00e9s de su aplicaci\u00f3n no se alimentan, demora de 3 a 7 d\u00edas, dependiendo de la temperatura, para alcanzar la mortalidad m\u00e1xima. No requiere el agregado de adherentes o surfactantes pero conviene el agregado de aceite mineral\u00a0<strong>Mamboret\u00e1\u00a0OIL 85 E<\/strong>\u00a0para algunas plagas, seg\u00fan lo indicado en el cuadro de recomendaciones de uso del prospecto (Ver Prospecto).<\/p>\n<p><strong>Mamboret\u00e1\u00a0ABA<\/strong>\u00a0es un acaricida e insecticida selectivo, con efecto sist\u00e9mico local y translaminar, de residualidad media, que act\u00faa sobre formas m\u00f3viles (larvas, y adultos), para control preventivo a curativo temprano, en el manejo de \u00e1caros.<\/p>\n<p>A diferencia de la mayor\u00eda de los insecticidas no afecta al sistema colin\u00e9rgico. En los ensayos ha controlado cepas de \u00e1caros fit\u00f3fagos resistentes a los insecticidas y acaricidas en uso. Por su composici\u00f3n qu\u00edmica y modo de acci\u00f3n no se prev\u00e9n resistencias cruzadas con otros plaguicidas.<\/p>\n<p>Resulta eficaz por ingesti\u00f3n y contacto siendo mucho m\u00e1s activa en el primer caso. Tanto los \u00e1caros como los insectos quedan inmovilizados poco despu\u00e9s de ingerirla, dejan de alimentarse y acaban muriendo; pueden requerirse de 3 a 7 d\u00edas para alcanzar su m\u00e1xima eficacia. En t\u00e9rminos generales es un plaguicida de acci\u00f3n lenta y larga actividad residual contra los \u00e1caros. No es ovicida. Su acci\u00f3n sobre los minadores de hojas tiene lugar, al parecer, a trav\u00e9s de dos mecanismos: la penetraci\u00f3n foliar que produce una excelente mortalidad larvaria en las minas existentes, y la acci\u00f3n de los residuos foliares recientes que provocan una r\u00e1pida reducci\u00f3n de la fecundidad o de la capacidad de ovoposici\u00f3n de las hembras adultas expuestas a ellos. Aplicada adecuadamente penetra en el tejido foliar formando una reserva dentro de la hoja, siendo esta reserva la que proporciona su actividad residual mientras que la parte de producto que queda en la superficie se disipa.<\/p>\n<p>Este producto\u00a0<strong>Mamboret\u00e1<\/strong>\u00a0controla, soluciona y previene las siguientes enfermedades y plagas:<\/p>\n<p>Problemas con \u00e1caros e insectos en estados adultos e inmaduros. Los insectos afectados quedan inmediatamente paralizados, dejando de da\u00f1ar las plantas. Controla plagas como ara\u00f1uela roja com\u00fan (Tetranychus urticae) gusanos minadores de hojas (Liriomyza spp.), \u00e1caro del tostado, plateado de los limones, naranja negra (Phyllocoptruta oleivora) \u00e1caro blanco del lim\u00f3n (Polyphagotarsonemus latus), \u00e1caro de la yema (Aceria sheldoni), minador de las hojas de los c\u00edtricos (Phyllocnistis citrella), Ps\u00edlido asi\u00e1tico de los c\u00edtricos (Diaphorina citri), ara\u00f1uela roja (Tetranychus spp.), ara\u00f1uela roja europea (Panonychus ulmi), mosca minadora (Liriomyza sp.), ara\u00f1uela parda (Bryobia rubrioculus), Ps\u00edlido del peral (Cacopsylla\/Psylla pyricola), Acaro del bronceado (Aculops lycopersici), polilla del tomate (Tuta absoluta), etc.<\/p>\n","protected":false},"excerpt":{"rendered":"<p><strong>DOSIS PROMEDIO:<\/strong>\u00a013 gotas \u00f3 0,66 cm\u00b3 por litro de agua.<br \/>\n<strong>CONTROLA:<\/strong>\u00a0Ara\u00f1uelas, \u00e1caros, gusanos minadores, etc.<br \/>\n<strong>PRESENTACI\u00d3N:<\/strong>\u00a0Frasco de 30\u00a0 cm\u00b3<br \/>\n<strong>CARENCIA:<br \/>\n<\/strong>3 d\u00edas: Apio, mel\u00f3n, sandia, tomate, pimiento, pepino y frutilla.<br \/>\n7 d\u00edas: C\u00edtricos.<br \/>\n14 d\u00edas: Manzanas y peras.<br \/>\nFlorales y ornamentales: sin restricciones.<\/p>\n","protected":false},"featured_media":7320,"template":"","meta":{"_acf_changed":false},"product_brand":[],"product_cat":[56,70],"product_tag":[],"class_list":{"0":"post-7319","1":"product","2":"type-product","3":"status-publish","4":"has-post-thumbnail","6":"product_cat-control-de-plagas","7":"product_cat-insecticidas","9":"first","10":"instock","11":"taxable","12":"shipping-taxable","13":"purchasable","14":"product-type-simple"},"acf":[],"_links":{"self":[{"href":"https:\/\/plantamadrerosario.com\/tienda\/wp-json\/wp\/v2\/product\/7319","targetHints":{"allow":["GET"]}}],"collection":[{"href":"https:\/\/plantamadrerosario.com\/tienda\/wp-json\/wp\/v2\/product"}],"about":[{"href":"https:\/\/plantamadrerosario.com\/tienda\/wp-json\/wp\/v2\/types\/product"}],"wp:featuredmedia":[{"embeddable":true,"href":"https:\/\/plantamadrerosario.com\/tienda\/wp-json\/wp\/v2\/media\/7320"}],"wp:attachment":[{"href":"https:\/\/plantamadrerosario.com\/tienda\/wp-json\/wp\/v2\/media?parent=7319"}],"wp:term":[{"taxonomy":"product_brand","embeddable":true,"href":"https:\/\/plantamadrerosario.com\/tienda\/wp-json\/wp\/v2\/product_brand?post=7319"},{"taxonomy":"product_cat","embeddable":true,"href":"https:\/\/plantamadrerosario.com\/tienda\/wp-json\/wp\/v2\/product_cat?post=7319"},{"taxonomy":"product_tag","embeddable":true,"href":"https:\/\/plantamadrerosario.com\/tienda\/wp-json\/wp\/v2\/product_tag?post=7319"}],"curies":[{"name":"wp","href":"https:\/\/api.w.org\/{rel}","templated":true}]}}