{"id":7577,"date":"2024-06-29T18:04:41","date_gmt":"2024-06-29T21:04:41","guid":{"rendered":"https:\/\/plantamadrerosario.com\/tienda\/?post_type=product&#038;p=7577"},"modified":"2025-09-02T16:25:26","modified_gmt":"2025-09-02T19:25:26","slug":"baby-sansevieria-zeylanica-mini-planta-ceramica-marte","status":"publish","type":"product","link":"https:\/\/plantamadrerosario.com\/tienda\/producto\/baby-sansevieria-zeylanica-mini-planta-ceramica-marte\/","title":{"rendered":"Baby Sansevieria Zeylanica \u201cMini Planta\u201d + Ceramica Marte"},"content":{"rendered":"<p style=\"text-align: left;\">Las miniplantas son la \u00faltima tendencia deco para los amantes de la jardineria. Son plantas con un cuidado especial en su etapa de producci\u00f3n por lo que se diferencian en calidad respecto de sus variedades adultas. Mas all\u00e1 de ser plantas muy j\u00f3venes son f\u00e1ciles de cuidar.<\/p>\n<p style=\"text-align: left;\">Pariente cercano de la Sansevieria trifasciata Laurentii, la Sansevieria Zeylanica presenta hojas de un color verde vivo y bandas onduladas de color verde m\u00e1s oscuro.<\/p>\n<p style=\"text-align: left;\">Las sansevierias se encuentran entre las plantas m\u00e1s f\u00e1ciles de cuidar y, de hecho, son perfectas para principiantes o propietarios de plantas ocupados. Toleran condiciones de poca luz pero lo ideal es ubicarlas en sitios con buena iluminaci\u00f3n para resaltar los colores de las hojas. Como la mayor\u00eda de las suculentas, almacenan agua en sus hojas, por lo que es mejor esperar a que la tierra se seque por completo entre riegos.<\/p>\n<p style=\"text-align: left;\">Debido a su naturaleza de bajo mantenimiento y purificaci\u00f3n del aire, la Sansevieria es una planta adecuada para tener en el interior de casa o en la oficina.<\/p>\n","protected":false},"excerpt":{"rendered":"<p><strong>Envase<\/strong><\/p>\n<p>Maceta Cer\u00e1mica Modelo Marte: 12 x 9,5cm.<\/p>\n<p><strong>Altura Aproximada: <\/strong>40\/50cm<\/p>\n<p><strong>importante Saber<\/strong>: Como las plantas son productos naturales, la forma, el patron y el color pueden variar.<\/p>\n","protected":false},"featured_media":8589,"template":"","meta":{"_acf_changed":false},"product_brand":[],"product_cat":[21,76,72,74],"product_tag":[],"class_list":{"0":"post-7577","1":"product","2":"type-product","3":"status-publish","4":"has-post-thumbnail","6":"product_cat-interior","7":"product_cat-combos-de-plantas-unicos","8":"product_cat-plantas-de-bajo-mantenimiento","9":"product_cat-plantas-purificadoras","11":"first","12":"instock","13":"taxable","14":"shipping-taxable","15":"purchasable","16":"product-type-simple"},"acf":[],"_links":{"self":[{"href":"https:\/\/plantamadrerosario.com\/tienda\/wp-json\/wp\/v2\/product\/7577","targetHints":{"allow":["GET"]}}],"collection":[{"href":"https:\/\/plantamadrerosario.com\/tienda\/wp-json\/wp\/v2\/product"}],"about":[{"href":"https:\/\/plantamadrerosario.com\/tienda\/wp-json\/wp\/v2\/types\/product"}],"wp:featuredmedia":[{"embeddable":true,"href":"https:\/\/plantamadrerosario.com\/tienda\/wp-json\/wp\/v2\/media\/8589"}],"wp:attachment":[{"href":"https:\/\/plantamadrerosario.com\/tienda\/wp-json\/wp\/v2\/media?parent=7577"}],"wp:term":[{"taxonomy":"product_brand","embeddable":true,"href":"https:\/\/plantamadrerosario.com\/tienda\/wp-json\/wp\/v2\/product_brand?post=7577"},{"taxonomy":"product_cat","embeddable":true,"href":"https:\/\/plantamadrerosario.com\/tienda\/wp-json\/wp\/v2\/product_cat?post=7577"},{"taxonomy":"product_tag","embeddable":true,"href":"https:\/\/plantamadrerosario.com\/tienda\/wp-json\/wp\/v2\/product_tag?post=7577"}],"curies":[{"name":"wp","href":"https:\/\/api.w.org\/{rel}","templated":true}]}}