{"id":7920,"date":"2024-11-06T23:59:44","date_gmt":"2024-11-07T02:59:44","guid":{"rendered":"https:\/\/plantamadrerosario.com\/tienda\/?post_type=product&#038;p=7920"},"modified":"2025-12-05T11:59:19","modified_gmt":"2025-12-05T14:59:19","slug":"7920","status":"publish","type":"product","link":"https:\/\/plantamadrerosario.com\/tienda\/producto\/7920\/","title":{"rendered":"Dracaena Marginta Tricolor Baby&#8221;"},"content":{"rendered":"<p style=\"text-align: left;\">Conocida como Dracaena Marginata, es una planta de interior muy popular, admirada por sus llamativas hojas en forma de espada con bordes rojos o morados.<\/p>\n<p style=\"text-align: left;\">Originaria de Madagascar, esta planta prospera con luz indirecta brillante, pero puede adaptarse a condiciones de luz m\u00e1s bajas, lo que la hace vers\u00e1til para diversos entornos interiores.<\/p>\n<p style=\"text-align: left;\">En condiciones de alta temperatura bebe regarse una vez a la semana, dejando que los primeros cent\u00edmetros de tierra se sequen entre riegos. Durante los meses m\u00e1s fr\u00edos o los per\u00edodos de inactividad, reduzca la frecuencia de riego.<\/p>\n<p style=\"text-align: left;\">Esta planta f\u00e1cil de cuidar es ideal para principiantes y es conocida por su capacidad para purificar el aire interior.<\/p>\n<p style=\"text-align: left;\">Prefiere temperaturas c\u00e1lidas y no le gusta el riego excesivo ni la luz solar directa en horas donde los rayos del sol estan m\u00e1s intensos. Con un cuidado m\u00ednimo, esta planta resistente puede agregar un toque de belleza ex\u00f3tica y purificaci\u00f3n natural del aire a cualquier espacio interior.<\/p>\n<p>&nbsp;<\/p>\n<table class=\"tg\" style=\"width: 100.061%; height: 356.875px;\">\n<thead>\n<tr style=\"height: 71.375px;\">\n<th class=\"tg-wp8o\" style=\"width: 9.14077%; height: 71.375px;\"><img decoding=\"async\" src=\"https:\/\/cdn.shopify.com\/s\/files\/1\/1859\/5505\/files\/map.png?v=1615554019\" alt=\"Imagen\" width=\"50\" height=\"50\" \/><\/th>\n<th class=\"tg-xesh\" style=\"width: 86.4108%; height: 71.375px;\">Originario de Madagascar<\/th>\n<\/tr>\n<\/thead>\n<tbody>\n<tr style=\"height: 71.375px;\">\n<td class=\"tg-wp8o\" style=\"width: 9.14077%; height: 71.375px;\"><img decoding=\"async\" src=\"https:\/\/cdn.shopify.com\/s\/files\/1\/1859\/5505\/files\/sun.jpg?v=1615378776\" alt=\"Imagen\" width=\"50\" height=\"50\" \/><\/td>\n<td class=\"tg-xesh\" style=\"width: 86.4108%; height: 71.375px;\">Crece bien con luz indirecta y brillante, pero puede tolerar condiciones de luz m\u00e1s bajas. Sin embargo, la exposici\u00f3n prolongada a la luz solar directa puede quemar las hojas.<\/td>\n<\/tr>\n<tr style=\"height: 71.375px;\">\n<td class=\"tg-wp8o\" style=\"width: 9.14077%; height: 71.375px;\"><img decoding=\"async\" src=\"https:\/\/cdn.shopify.com\/s\/files\/1\/1859\/5505\/files\/water.png?v=1615563650\" alt=\"Imagen\" width=\"50\" height=\"50\" \/><\/td>\n<td class=\"tg-0a7q\" style=\"width: 86.4108%; height: 71.375px;\">Deje que la tierra se seque entre riegos para evitar la pudrici\u00f3n de la ra\u00edz.<\/td>\n<\/tr>\n<tr style=\"height: 71.375px;\">\n<td class=\"tg-wp8o\" style=\"width: 9.14077%; height: 71.375px;\"><img decoding=\"async\" src=\"https:\/\/cdn.shopify.com\/s\/files\/1\/1859\/5505\/files\/tick_04e85e9c-fa52-4855-ac16-b58bb4dbcb82.png?v=1615556949\" alt=\"Imagen\" width=\"50\" height=\"50\" \/><\/td>\n<td class=\"tg-0a7q\" style=\"width: 86.4108%; height: 71.375px;\">Planta f\u00e1cil de cuidar. Tambi\u00e9n es conocida por sus propiedades purificadoras del aire. La planta tiene hojas llamativas, largas y delgadas con bordes rojos o morados, que le dan un aspecto distintivo, similar al de un drag\u00f3n.<\/td>\n<\/tr>\n<tr style=\"height: 71.375px;\">\n<td class=\"tg-wp8o\" style=\"width: 9.14077%; height: 71.375px;\"><img decoding=\"async\" src=\"https:\/\/cdn.shopify.com\/s\/files\/1\/1859\/5505\/files\/paw.png?v=1615561740\" alt=\"Imagen\" width=\"50\" height=\"50\" \/><\/td>\n<td class=\"tg-0a7q\" style=\"width: 86.4108%; height: 71.375px;\">T\u00f3xico para las mascotas<\/td>\n<\/tr>\n<\/tbody>\n<\/table>\n","protected":false},"excerpt":{"rendered":"<p><strong>Envase<\/strong><\/p>\n<p>Maceta termosoplada 12cm de di\u00e1metro<\/p>\n<p>Altura Aproximada 40cm<\/p>\n<p><strong>IMPORTANTE SABER: COMO LAS PLANTAS SON PRODUCTOS NATURALES. LA FORMA, EL PATRON Y EL COLOR PUEDEN VARIAR.<\/strong><\/p>\n","protected":false},"featured_media":7944,"template":"","meta":{"_acf_changed":false},"product_brand":[],"product_cat":[21,75,74],"product_tag":[],"class_list":{"0":"post-7920","1":"product","2":"type-product","3":"status-publish","4":"has-post-thumbnail","6":"product_cat-interior","7":"product_cat-plantas-exoticas","8":"product_cat-plantas-purificadoras","10":"first","11":"outofstock","12":"taxable","13":"shipping-taxable","14":"purchasable","15":"product-type-simple"},"acf":[],"_links":{"self":[{"href":"https:\/\/plantamadrerosario.com\/tienda\/wp-json\/wp\/v2\/product\/7920","targetHints":{"allow":["GET"]}}],"collection":[{"href":"https:\/\/plantamadrerosario.com\/tienda\/wp-json\/wp\/v2\/product"}],"about":[{"href":"https:\/\/plantamadrerosario.com\/tienda\/wp-json\/wp\/v2\/types\/product"}],"wp:featuredmedia":[{"embeddable":true,"href":"https:\/\/plantamadrerosario.com\/tienda\/wp-json\/wp\/v2\/media\/7944"}],"wp:attachment":[{"href":"https:\/\/plantamadrerosario.com\/tienda\/wp-json\/wp\/v2\/media?parent=7920"}],"wp:term":[{"taxonomy":"product_brand","embeddable":true,"href":"https:\/\/plantamadrerosario.com\/tienda\/wp-json\/wp\/v2\/product_brand?post=7920"},{"taxonomy":"product_cat","embeddable":true,"href":"https:\/\/plantamadrerosario.com\/tienda\/wp-json\/wp\/v2\/product_cat?post=7920"},{"taxonomy":"product_tag","embeddable":true,"href":"https:\/\/plantamadrerosario.com\/tienda\/wp-json\/wp\/v2\/product_tag?post=7920"}],"curies":[{"name":"wp","href":"https:\/\/api.w.org\/{rel}","templated":true}]}}