{"id":7921,"date":"2024-11-07T00:09:47","date_gmt":"2024-11-07T03:09:47","guid":{"rendered":"https:\/\/plantamadrerosario.com\/tienda\/?post_type=product&#038;p=7921"},"modified":"2025-06-06T15:48:11","modified_gmt":"2025-06-06T18:48:11","slug":"palo-de-agua-chico","status":"publish","type":"product","link":"https:\/\/plantamadrerosario.com\/tienda\/producto\/palo-de-agua-chico\/","title":{"rendered":"Palo De Agua Chico&#8221;"},"content":{"rendered":"<p style=\"text-align: left;\">Dracaena Fragrans, tambi\u00e9n conocida como Palo De Agua, es una planta de interior popular que puede tolerar condiciones de poca luz, pero crecera m\u00e1s r\u00e1pido con luz indirecta media a brillante.<\/p>\n<p>La tierra de una Dracaena Fragrans debe secarse antes de regar. Puede sobrevivir a la falta de riego, pero muere r\u00e1pidamente por excesivo riego.<\/p>\n<p>Prefiere temperaturas c\u00e1lidas y no le gusta la luz solar directa en horas donde los rayos del sol estan m\u00e1s intensos. Con un cuidado m\u00ednimo, esta planta resistente puede agregar un toque de belleza ex\u00f3tica y purificaci\u00f3n natural del aire a cualquier espacio interior.<\/p>\n<table class=\"tg\">\n<thead>\n<tr>\n<th class=\"tg-wp8o\"><img decoding=\"async\" src=\"https:\/\/cdn.shopify.com\/s\/files\/1\/1859\/5505\/files\/map.png?v=1615554019\" alt=\"Imagen\" width=\"50\" height=\"50\" \/><\/th>\n<th class=\"tg-xesh\">Originario de\u00a0\u00c1frica tropical.<\/th>\n<\/tr>\n<\/thead>\n<tbody>\n<tr>\n<td class=\"tg-wp8o\"><img decoding=\"async\" src=\"https:\/\/cdn.shopify.com\/s\/files\/1\/1859\/5505\/files\/sun.jpg?v=1615378776\" alt=\"Imagen\" width=\"50\" height=\"50\" \/><\/td>\n<td class=\"tg-xesh\">Mejor bajo luz indirecta media a brillante.<\/td>\n<\/tr>\n<tr>\n<td class=\"tg-wp8o\"><img decoding=\"async\" src=\"https:\/\/cdn.shopify.com\/s\/files\/1\/1859\/5505\/files\/water.png?v=1615563650\" alt=\"Imagen\" width=\"50\" height=\"50\" \/><\/td>\n<td class=\"tg-0a7q\">Aproximadamente una vez a la semana,en epoca calida.\u00a0 Dejando secar el suelo entre riegos.<\/td>\n<\/tr>\n<tr>\n<td class=\"tg-wp8o\"><img decoding=\"async\" src=\"https:\/\/cdn.shopify.com\/s\/files\/1\/1859\/5505\/files\/tick_04e85e9c-fa52-4855-ac16-b58bb4dbcb82.png?v=1615556949\" alt=\"Imagen\" width=\"50\" height=\"50\" \/><\/td>\n<td class=\"tg-0a7q\">De r\u00e1pido crecimiento en condiciones ambientales optimas.<\/td>\n<\/tr>\n<tr>\n<td class=\"tg-wp8o\"><img decoding=\"async\" src=\"https:\/\/cdn.shopify.com\/s\/files\/1\/1859\/5505\/files\/paw.png?v=1615561740\" alt=\"Imagen\" width=\"50\" height=\"50\" \/><\/td>\n<td class=\"tg-0a7q\">No t\u00f3xico, seguro para ni\u00f1os y mascotas.<\/td>\n<\/tr>\n<\/tbody>\n<\/table>\n","protected":false},"excerpt":{"rendered":"<p><strong>Envase<\/strong><\/p>\n<p>Maceta Soplada 3 Litros<\/p>\n<p><strong>IMPORTANTE SABER: COMO LAS PLANTAS SON PRODUCTOS NATURALES. LA FORMA, EL PATRON Y EL COLOR PUEDEN VARIAR.<\/strong><\/p>\n","protected":false},"featured_media":7998,"template":"","meta":{"_acf_changed":false},"product_brand":[],"product_cat":[21,75],"product_tag":[],"class_list":{"0":"post-7921","1":"product","2":"type-product","3":"status-publish","4":"has-post-thumbnail","6":"product_cat-interior","7":"product_cat-plantas-exoticas","9":"first","10":"outofstock","11":"taxable","12":"shipping-taxable","13":"purchasable","14":"product-type-simple"},"acf":[],"_links":{"self":[{"href":"https:\/\/plantamadrerosario.com\/tienda\/wp-json\/wp\/v2\/product\/7921","targetHints":{"allow":["GET"]}}],"collection":[{"href":"https:\/\/plantamadrerosario.com\/tienda\/wp-json\/wp\/v2\/product"}],"about":[{"href":"https:\/\/plantamadrerosario.com\/tienda\/wp-json\/wp\/v2\/types\/product"}],"wp:featuredmedia":[{"embeddable":true,"href":"https:\/\/plantamadrerosario.com\/tienda\/wp-json\/wp\/v2\/media\/7998"}],"wp:attachment":[{"href":"https:\/\/plantamadrerosario.com\/tienda\/wp-json\/wp\/v2\/media?parent=7921"}],"wp:term":[{"taxonomy":"product_brand","embeddable":true,"href":"https:\/\/plantamadrerosario.com\/tienda\/wp-json\/wp\/v2\/product_brand?post=7921"},{"taxonomy":"product_cat","embeddable":true,"href":"https:\/\/plantamadrerosario.com\/tienda\/wp-json\/wp\/v2\/product_cat?post=7921"},{"taxonomy":"product_tag","embeddable":true,"href":"https:\/\/plantamadrerosario.com\/tienda\/wp-json\/wp\/v2\/product_tag?post=7921"}],"curies":[{"name":"wp","href":"https:\/\/api.w.org\/{rel}","templated":true}]}}