{"id":7961,"date":"2024-11-25T14:34:08","date_gmt":"2024-11-25T17:34:08","guid":{"rendered":"https:\/\/plantamadrerosario.com\/tienda\/?post_type=product&#038;p=7961"},"modified":"2026-03-09T12:06:50","modified_gmt":"2026-03-09T15:06:50","slug":"ficus-elastica-baby","status":"publish","type":"product","link":"https:\/\/plantamadrerosario.com\/tienda\/producto\/ficus-elastica-baby\/","title":{"rendered":"Ficus Elastica Baby en maceta Milan. Tu rinc\u00f3n so\u00f1ado, ahora es posible! \ud83c\udf3f"},"content":{"rendered":"<p>El Ficus El\u00e1stica, conocido como Gomero o \u00c1rbol de la Goma, es mucho m\u00e1s que una planta, es un s\u00edmbolo de elegancia y fuerza natural. Con sus hojas grandes, brillantes y de un verde profundo, transformar\u00e1 cualquier hogar u oficina en un espacio lleno de vida. \u2728 Es la planta ideal para quienes buscan una presencia imponente y un toque distintivo.<\/p>\n<p>Cuidados para tu Ficus \ud83d\udca7\u2600\ufe0f<br \/>\n* Riego: Espera a que el sustrato est\u00e9 seco antes de volver a regar. En invierno, disminuye la frecuencia. El riego excesivo es su principal enemigo.<br \/>\n* Luz: Ama la luz brillante. Ub\u00edcala cerca de un ventanal, pero evita el sol directo de las horas mas fuertes, para no quemar sus hojas. Un espacio bien iluminado es perfecto para que muestre su m\u00e1ximo esplendor.<br \/>\n* Limpieza: Sus grandes hojas acumulan polvo. Limpia sus hojas con un pa\u00f1o h\u00famedo para ayudarle a respirar mejor y a brillar con todo su esplendor.<\/p>\n<p>\u00bfPurifica el aire? \u00bfEs amigable con animales? \ud83d\udc3e<br \/>\nS\u00ed, la Ficus El\u00e1stica es un excelente purificador de aire. Su gran \u00e1rea foliar captura toxinas comunes como el formaldeh\u00eddo. Un estudio de la NASA, citado en el &#8220;Clean Air Study&#8221; (Estudio de Aire Limpio), la incluye entre las plantas m\u00e1s efectivas para mejorar la calidad del aire interior.<\/p>\n<p>Respecto a nuestros animales, es importante saber que esta planta es t\u00f3xica si se ingiere. Su savia lechosa puede causar irritaci\u00f3n gastrointestinal y d\u00e9rmica a perros y gatos (Fuente: ASPCA &#8211; The American Society for the Prevention of Cruelty to Animals). Por la seguridad de cada persona y de sus animales, mant\u00e9nla fuera de su alcance.<\/p>\n","protected":false},"excerpt":{"rendered":"<p><strong>Envase <\/strong>Maceta Milan Blanca: 20cm<\/p>\n<p><strong>Altura Aproximada 5<\/strong>0cm.<\/p>\n<p><strong>Importante Saber<\/strong>\u00a0Como las plantas son productos naturales, el tama\u00f1o, la forma y el patr\u00f3n pueden variar.<\/p>\n","protected":false},"featured_media":8645,"template":"","meta":{"_acf_changed":false},"product_brand":[],"product_cat":[21,72,74],"product_tag":[],"class_list":{"0":"post-7961","1":"product","2":"type-product","3":"status-publish","4":"has-post-thumbnail","6":"product_cat-interior","7":"product_cat-plantas-de-bajo-mantenimiento","8":"product_cat-plantas-purificadoras","10":"first","11":"instock","12":"taxable","13":"shipping-taxable","14":"purchasable","15":"product-type-simple"},"acf":[],"_links":{"self":[{"href":"https:\/\/plantamadrerosario.com\/tienda\/wp-json\/wp\/v2\/product\/7961","targetHints":{"allow":["GET"]}}],"collection":[{"href":"https:\/\/plantamadrerosario.com\/tienda\/wp-json\/wp\/v2\/product"}],"about":[{"href":"https:\/\/plantamadrerosario.com\/tienda\/wp-json\/wp\/v2\/types\/product"}],"wp:featuredmedia":[{"embeddable":true,"href":"https:\/\/plantamadrerosario.com\/tienda\/wp-json\/wp\/v2\/media\/8645"}],"wp:attachment":[{"href":"https:\/\/plantamadrerosario.com\/tienda\/wp-json\/wp\/v2\/media?parent=7961"}],"wp:term":[{"taxonomy":"product_brand","embeddable":true,"href":"https:\/\/plantamadrerosario.com\/tienda\/wp-json\/wp\/v2\/product_brand?post=7961"},{"taxonomy":"product_cat","embeddable":true,"href":"https:\/\/plantamadrerosario.com\/tienda\/wp-json\/wp\/v2\/product_cat?post=7961"},{"taxonomy":"product_tag","embeddable":true,"href":"https:\/\/plantamadrerosario.com\/tienda\/wp-json\/wp\/v2\/product_tag?post=7961"}],"curies":[{"name":"wp","href":"https:\/\/api.w.org\/{rel}","templated":true}]}}