{"id":8517,"date":"2025-08-14T09:29:42","date_gmt":"2025-08-14T12:29:42","guid":{"rendered":"https:\/\/plantamadrerosario.com\/tienda\/?post_type=product&#038;p=8517"},"modified":"2025-11-27T17:34:50","modified_gmt":"2025-11-27T20:34:50","slug":"tu-rinconsonado-a-un-solo-clic-con-la-yuca-baby","status":"publish","type":"product","link":"https:\/\/plantamadrerosario.com\/tienda\/producto\/tu-rinconsonado-a-un-solo-clic-con-la-yuca-baby\/","title":{"rendered":"\u00a1Tu rinc\u00f3n so\u00f1ado a un solo clic con la Yuca baby!"},"content":{"rendered":"<p>La Yuca es la planta de interior perfecta para darle un toque ex\u00f3tico y moderno a tu hogar. Con su tronco robusto y hojas alargadas, crea una atm\u00f3sfera vibrante y llena de vida, transport\u00e1ndote a un oasis sin salir de casa. \u2728<\/p>\n<p>Cuidados y consejos<br \/>\n* Luz: \u2600\ufe0f La Yuca necesita mucha luz, as\u00ed que busc\u00e1le un lugar cerca de una ventana donde reciba sol indirecto. Tolera algo de sol directo, pero cuidado con las horas m\u00e1s intensas del mediod\u00eda.<br \/>\n* Riego: \ud83d\udca7 La clave est\u00e1 en no pasarse. Dej\u00e1 que el sustrato se seque por completo antes de volver a regar. En invierno, espaci\u00e1 a\u00fan m\u00e1s los riegos. El exceso de agua es su principal enemigo.<br \/>\n* Humedad: \ud83d\udca7 No es muy exigente con la humedad, as\u00ed que pod\u00e9s vivirla tranquilamente en cualquier ambiente del hogar.<\/p>\n<p>\u00bfEs una planta purificadora y amiga de mis mascotas?<\/p>\n<p>\u00a1S\u00ed! La Yuca es una gran aliada para la salud de tu hogar. Est\u00e1 catalogada como una planta purificadora del aire, ayudando a eliminar toxinas y a mejorar la calidad del ambiente. \ud83c\udf2c\ufe0f<\/p>\n<p>Respecto a nuestras mascotas, ten\u00e9 cuidado. La Yuca es una planta t\u00f3xica para perros, gatos y otros animales. Su savia podr\u00eda causar irritaci\u00f3n o malestar si la ingieren. Por eso, recomendamos, si tu mascota es curiosa por las plantas ubicarla en un lugar alto o de dif\u00edcil acceso. \ud83d\udc3e<\/p>\n<p>Fuentes de informaci\u00f3n:<br \/>\n* Plantas purificadoras del aire: NASA Clean Air Study.<br \/>\n* Toxicidad para mascotas: American Society for the Prevention of Cruelty to Animals (ASPCA).<\/p>\n","protected":false},"excerpt":{"rendered":"<p><strong>Envase<\/strong><\/p>\n<p>Maceta Plastica Mil\u00e1n Coral N\u00b020. Incluye plato blanco.<\/p>\n<p><strong>Altura Aproximada <\/strong>50cm.<\/p>\n<p><strong>Importante Saber<\/strong>: Como las plantas son productos naturales, la forma, el color y el patron pueden variar.<\/p>\n","protected":false},"featured_media":8698,"template":"","meta":{"_acf_changed":false},"product_brand":[80],"product_cat":[72,21,76],"product_tag":[],"class_list":{"0":"post-8517","1":"product","2":"type-product","3":"status-publish","4":"has-post-thumbnail","6":"product_brand-yuca-plantasdeinterior-decoracionconplantas-hogarverde-plantastoxicasparamascotas-cuidadosplantas-plantasparaprincipiantes-jardineriaencasa-plantaspurificadoras","7":"product_cat-plantas-de-bajo-mantenimiento","8":"product_cat-interior","9":"product_cat-combos-de-plantas-unicos","11":"first","12":"instock","13":"taxable","14":"shipping-taxable","15":"purchasable","16":"product-type-simple"},"acf":[],"_links":{"self":[{"href":"https:\/\/plantamadrerosario.com\/tienda\/wp-json\/wp\/v2\/product\/8517","targetHints":{"allow":["GET"]}}],"collection":[{"href":"https:\/\/plantamadrerosario.com\/tienda\/wp-json\/wp\/v2\/product"}],"about":[{"href":"https:\/\/plantamadrerosario.com\/tienda\/wp-json\/wp\/v2\/types\/product"}],"wp:featuredmedia":[{"embeddable":true,"href":"https:\/\/plantamadrerosario.com\/tienda\/wp-json\/wp\/v2\/media\/8698"}],"wp:attachment":[{"href":"https:\/\/plantamadrerosario.com\/tienda\/wp-json\/wp\/v2\/media?parent=8517"}],"wp:term":[{"taxonomy":"product_brand","embeddable":true,"href":"https:\/\/plantamadrerosario.com\/tienda\/wp-json\/wp\/v2\/product_brand?post=8517"},{"taxonomy":"product_cat","embeddable":true,"href":"https:\/\/plantamadrerosario.com\/tienda\/wp-json\/wp\/v2\/product_cat?post=8517"},{"taxonomy":"product_tag","embeddable":true,"href":"https:\/\/plantamadrerosario.com\/tienda\/wp-json\/wp\/v2\/product_tag?post=8517"}],"curies":[{"name":"wp","href":"https:\/\/api.w.org\/{rel}","templated":true}]}}