{"id":8595,"date":"2025-09-17T15:50:41","date_gmt":"2025-09-17T18:50:41","guid":{"rendered":"https:\/\/plantamadrerosario.com\/tienda\/?post_type=product&#038;p=8595"},"modified":"2026-04-06T13:50:28","modified_gmt":"2026-04-06T16:50:28","slug":"embellece-tu-hogar-con-la-elegancia-natural-de-la-palma-bambu-%f0%9f%8e%8d","status":"publish","type":"product","link":"https:\/\/plantamadrerosario.com\/tienda\/producto\/embellece-tu-hogar-con-la-elegancia-natural-de-la-palma-bambu-%f0%9f%8e%8d\/","title":{"rendered":"Embellec\u00e9 tu hogar con la elegancia natural de la Palma Bamb\u00fa! \ud83c\udf8d"},"content":{"rendered":"<p>\u00bfBusc\u00e1s una planta que combine la belleza tropical con la facilidad de cuidado? La Palma Bamb\u00fa (<i>Chamaedorea microspadix<\/i> o <i>Chamaedorea seifrizii<\/i>), es la opci\u00f3n ideal para cualquier amante de las plantas. Con sus tallos finos que recuerdan al bamb\u00fa, esta palma transforma cualquier rinc\u00f3n en un oasis de paz.<\/p>\n<hr \/>\n<h3><b>Cuidado simple para un crecimiento espectacular. <\/b>Prospera con:<\/h3>\n<ul>\n<li><b>Luz:<\/b> Prefer\u00ed luz indirecta o semisombra. Evit\u00e1 la luz directa del sol, que podr\u00eda quemar sus hojas (mas que nada en epoca calida y durante las horas que el sol esta mas fuerte)<\/li>\n<li><b>Riego:<\/b> Manten\u00e9 su sustrato sin encharcar. Un truco: regala cuando la tierra este casi seca.<\/li>\n<li><b>Humedad:<\/b> Disfruta de un ambiente h\u00famedo. Para imitar su h\u00e1bitat natural, roci\u00e1 sus hojas con agua un par de veces por semana.<\/li>\n<\/ul>\n<p>Esta planta no solo es hermosa, sino tambi\u00e9n segura para tus mascotas. La ASPCA (Sociedad Americana para la Prevenci\u00f3n de la Crueldad contra los Animales) la clasifica como <b>no t\u00f3xica para perros y gatos<\/b>, haci\u00e9ndola una amiga confiable para cualquier hogar con animales. Adem\u00e1s, es conocida por sus habilidades para <b>purificar el aire<\/b>. Un estudio de la NASA sobre el aire limpio verific\u00f3 que esta planta ayuda a remover toxinas como el benceno y el formaldeh\u00eddo del ambiente. As\u00ed, no solo compr\u00e1s una planta, sino tambi\u00e9n un aire m\u00e1s limpio para tu hogar.<\/p>\n<h3><b>Fuentes verificadas<\/b><\/h3>\n<ul>\n<li><b>Toxicidad:<\/b> La informaci\u00f3n sobre la toxicidad para animales dom\u00e9sticos es de la ASPCA (Sociedad Americana para la Prevenci\u00f3n de la Crueldad contra los Animales). Puedes verificarlo en su sitio web oficial.<\/li>\n<li><b>Purificaci\u00f3n del aire:<\/b> La informaci\u00f3n sobre su capacidad de purificar el aire proviene del &#8220;Estudio del Aire Limpio de la NASA&#8221;. Puedes encontrar detalles y la lista completa de plantas en su informe.<\/li>\n<\/ul>\n<p>&nbsp;<\/p>\n","protected":false},"excerpt":{"rendered":"<div class=\"woocommerce-product-details__short-description\">\n<p><strong>Envase\u00a0<\/strong>Maceta Termosoplada 15cm<\/p>\n<p><strong>Altura Aproximada\u00a0 <\/strong>50cm<\/p>\n<p><strong>Importante Saber:<\/strong>\u00a0como las plantas son productos naturales, la forma, el patr\u00f3n y los colores pueden variar.<\/p>\n<\/div>\n<form class=\"cart\" action=\"https:\/\/plantamadrerosario.com\/tienda\/producto\/palmera-chamaedorea-l-tu-oasis-tropical-espera\/\" enctype=\"multipart\/form-data\" method=\"post\">\n<p class=\"last-unit-msg\">\u00daltima unidad disponible<\/p>\n<\/form>\n","protected":false},"featured_media":8745,"template":"","meta":{"_acf_changed":false},"product_brand":[],"product_cat":[72,74],"product_tag":[],"class_list":{"0":"post-8595","1":"product","2":"type-product","3":"status-publish","4":"has-post-thumbnail","6":"product_cat-plantas-de-bajo-mantenimiento","7":"product_cat-plantas-purificadoras","9":"first","10":"instock","11":"taxable","12":"shipping-taxable","13":"purchasable","14":"product-type-simple"},"acf":[],"_links":{"self":[{"href":"https:\/\/plantamadrerosario.com\/tienda\/wp-json\/wp\/v2\/product\/8595","targetHints":{"allow":["GET"]}}],"collection":[{"href":"https:\/\/plantamadrerosario.com\/tienda\/wp-json\/wp\/v2\/product"}],"about":[{"href":"https:\/\/plantamadrerosario.com\/tienda\/wp-json\/wp\/v2\/types\/product"}],"wp:featuredmedia":[{"embeddable":true,"href":"https:\/\/plantamadrerosario.com\/tienda\/wp-json\/wp\/v2\/media\/8745"}],"wp:attachment":[{"href":"https:\/\/plantamadrerosario.com\/tienda\/wp-json\/wp\/v2\/media?parent=8595"}],"wp:term":[{"taxonomy":"product_brand","embeddable":true,"href":"https:\/\/plantamadrerosario.com\/tienda\/wp-json\/wp\/v2\/product_brand?post=8595"},{"taxonomy":"product_cat","embeddable":true,"href":"https:\/\/plantamadrerosario.com\/tienda\/wp-json\/wp\/v2\/product_cat?post=8595"},{"taxonomy":"product_tag","embeddable":true,"href":"https:\/\/plantamadrerosario.com\/tienda\/wp-json\/wp\/v2\/product_tag?post=8595"}],"curies":[{"name":"wp","href":"https:\/\/api.w.org\/{rel}","templated":true}]}}