{"id":8600,"date":"2025-09-17T16:04:52","date_gmt":"2025-09-17T19:04:52","guid":{"rendered":"https:\/\/plantamadrerosario.com\/tienda\/?post_type=product&#038;p=8600"},"modified":"2025-09-17T16:06:51","modified_gmt":"2025-09-17T19:06:51","slug":"tu-rincon-tropical-sonado-descubri-la-elegancia-de-la-baby-coco-weddelliana","status":"publish","type":"product","link":"https:\/\/plantamadrerosario.com\/tienda\/producto\/tu-rincon-tropical-sonado-descubri-la-elegancia-de-la-baby-coco-weddelliana\/","title":{"rendered":"\u00a1Tu rinc\u00f3n tropical so\u00f1ado!  Descubr\u00ed la elegancia de la Baby Coco Weddelliana"},"content":{"rendered":"<p>\ud83d\ude0a \u00bfBusc\u00e1s darle un toque \u00fanico a tu hogar? La Coco Weddelliana (Lytocaryum weddellianum), conocida como el &#8220;cocotero enano&#8221;, es perfecta para vos. Esta palmera compacta y delicada es ideal para espacios chicos, aportando una sensaci\u00f3n de paz y naturaleza. \ud83c\udfe1\u2728<\/p>\n<p>Cuidados B\u00e1sicos para una Palmera Feliz:<\/p>\n<p>* Luz: Disfruta de la luz indirecta. La luz solar directa puede quemar sus hojas. Ubicala cerca de una ventana donde reciba claridad sin sol pleno. \u2600\ufe0f<br \/>\n* Riego: Manten\u00e9 el sustrato h\u00famedo, pero sin encharcar. Es mejor regar poco y que dem\u00e1s. Dej\u00e1 que la tierra se seque un antes de volver a regar. \ud83d\udca7<br \/>\n* Humedad: \u00a1Ama la humedad! Pod\u00e9s rociar sus hojas con agua. \ud83d\udca6<\/p>\n<p>\u00bfEs purificadora del aire?<br \/>\nS\u00ed, seg\u00fan estudios de la NASA (NASA Clean Air Study), las palmeras en general, contribuyen a purificar el aire al eliminar toxinas como el benceno y el formaldeh\u00eddo. \ud83c\udf2c\ufe0f<\/p>\n<p>Fuentes:<br \/>\n* NASA Clean Air Study<\/p>\n","protected":false},"excerpt":{"rendered":"<p><strong>Envase <\/strong>Maceta Pl\u00e1stica L\u00ednea Premium; 18cm de di\u00e1metro.<\/p>\n<p><strong>Altura Aproximada<\/strong>: 40-50cm<\/p>\n<p><strong>Importante Saber<\/strong>. C\u00f3mo las plantas son productos naturales, el color, la forma y el patr\u00f3n pueden variar.<\/p>\n","protected":false},"featured_media":8602,"template":"","meta":{"_acf_changed":false},"product_brand":[],"product_cat":[76,21,72,74],"product_tag":[],"class_list":{"0":"post-8600","1":"product","2":"type-product","3":"status-publish","4":"has-post-thumbnail","6":"product_cat-combos-de-plantas-unicos","7":"product_cat-interior","8":"product_cat-plantas-de-bajo-mantenimiento","9":"product_cat-plantas-purificadoras","11":"first","12":"instock","13":"taxable","14":"shipping-taxable","15":"purchasable","16":"product-type-simple"},"acf":[],"_links":{"self":[{"href":"https:\/\/plantamadrerosario.com\/tienda\/wp-json\/wp\/v2\/product\/8600","targetHints":{"allow":["GET"]}}],"collection":[{"href":"https:\/\/plantamadrerosario.com\/tienda\/wp-json\/wp\/v2\/product"}],"about":[{"href":"https:\/\/plantamadrerosario.com\/tienda\/wp-json\/wp\/v2\/types\/product"}],"wp:featuredmedia":[{"embeddable":true,"href":"https:\/\/plantamadrerosario.com\/tienda\/wp-json\/wp\/v2\/media\/8602"}],"wp:attachment":[{"href":"https:\/\/plantamadrerosario.com\/tienda\/wp-json\/wp\/v2\/media?parent=8600"}],"wp:term":[{"taxonomy":"product_brand","embeddable":true,"href":"https:\/\/plantamadrerosario.com\/tienda\/wp-json\/wp\/v2\/product_brand?post=8600"},{"taxonomy":"product_cat","embeddable":true,"href":"https:\/\/plantamadrerosario.com\/tienda\/wp-json\/wp\/v2\/product_cat?post=8600"},{"taxonomy":"product_tag","embeddable":true,"href":"https:\/\/plantamadrerosario.com\/tienda\/wp-json\/wp\/v2\/product_tag?post=8600"}],"curies":[{"name":"wp","href":"https:\/\/api.w.org\/{rel}","templated":true}]}}