{"id":8662,"date":"2025-10-24T15:03:23","date_gmt":"2025-10-24T18:03:23","guid":{"rendered":"https:\/\/plantamadrerosario.com\/tienda\/?post_type=product&#038;p=8662"},"modified":"2025-10-24T15:03:23","modified_gmt":"2025-10-24T18:03:23","slug":"kit-herramientas-de-jardin-tramontina-metalico-con-mango-de-madera-4-pzas","status":"publish","type":"product","link":"https:\/\/plantamadrerosario.com\/tienda\/producto\/kit-herramientas-de-jardin-tramontina-metalico-con-mango-de-madera-4-pzas\/","title":{"rendered":"Kit Herramientas de Jard\u00edn Tramontina Met\u00e1lico con Mango de Madera 4 pzas."},"content":{"rendered":"<p>Tenga productos de alta calidad que solo Tramontina puede ofrecerle. Con el juego de jardiner\u00eda Tramontina met\u00e1lico, con mango de madera, 4 piezas, las actividades al aire libre van a ser mucho m\u00e1s placenteras. Compuesto de cuatro piezas met\u00e1licas con mango de madera, el juego trae herramientas ideales para el trabajo al aire libre. Cada pieza tiene caracter\u00edsticas propias para las exigencias que se encuentran en la jardiner\u00eda<\/p>\n","protected":false},"excerpt":{"rendered":"<p>Contiene 4 piezas:<\/p>\n<p>1 palita ancha<\/p>\n<p>1 palita angosta<\/p>\n<p>1 tenedor para jard\u00edn<\/p>\n<p>1 rastrillo 4 dientes<\/p>\n","protected":false},"featured_media":8663,"template":"","meta":{"_acf_changed":false},"product_brand":[],"product_cat":[67],"product_tag":[],"class_list":{"0":"post-8662","1":"product","2":"type-product","3":"status-publish","4":"has-post-thumbnail","6":"product_cat-herramientas","8":"first","9":"instock","10":"taxable","11":"shipping-taxable","12":"purchasable","13":"product-type-simple"},"acf":[],"_links":{"self":[{"href":"https:\/\/plantamadrerosario.com\/tienda\/wp-json\/wp\/v2\/product\/8662","targetHints":{"allow":["GET"]}}],"collection":[{"href":"https:\/\/plantamadrerosario.com\/tienda\/wp-json\/wp\/v2\/product"}],"about":[{"href":"https:\/\/plantamadrerosario.com\/tienda\/wp-json\/wp\/v2\/types\/product"}],"wp:featuredmedia":[{"embeddable":true,"href":"https:\/\/plantamadrerosario.com\/tienda\/wp-json\/wp\/v2\/media\/8663"}],"wp:attachment":[{"href":"https:\/\/plantamadrerosario.com\/tienda\/wp-json\/wp\/v2\/media?parent=8662"}],"wp:term":[{"taxonomy":"product_brand","embeddable":true,"href":"https:\/\/plantamadrerosario.com\/tienda\/wp-json\/wp\/v2\/product_brand?post=8662"},{"taxonomy":"product_cat","embeddable":true,"href":"https:\/\/plantamadrerosario.com\/tienda\/wp-json\/wp\/v2\/product_cat?post=8662"},{"taxonomy":"product_tag","embeddable":true,"href":"https:\/\/plantamadrerosario.com\/tienda\/wp-json\/wp\/v2\/product_tag?post=8662"}],"curies":[{"name":"wp","href":"https:\/\/api.w.org\/{rel}","templated":true}]}}